{"id":15628,"date":"2024-12-13T16:02:11","date_gmt":"2024-12-13T15:02:11","guid":{"rendered":"https:\/\/gin001.staging.360vier.net\/vendere\/vendita-di-immobili-commerciali\/"},"modified":"2026-03-26T11:12:29","modified_gmt":"2026-03-26T10:12:29","slug":"vendita-di-immobili-commerciali","status":"publish","type":"page","link":"https:\/\/www.ginesta.ch\/it-ch\/processo-di-vendita\/vendita-di-immobili-commerciali\/","title":{"rendered":"Condominio"},"content":{"rendered":"<div class=\"dhsv-breadcrumb-block alignwide\">\n            <nav aria-label=\"breadcrumbs\" class=\"rank-math-breadcrumb\"><p><span class=\"last\">Home page<\/span><\/p><\/nav>\n    <\/div>\n\n<h1 class=\"wp-block-heading alignwide has-h-2-font-size\">Vendere una propriet\u00e0 condominiale<\/h1>\n\n<div style=\"height:var(--wp--preset--spacing--medium)\" aria-hidden=\"true\" class=\"wp-block-spacer\"><\/div>\n\n<div class=\"wp-block-group alignfull is-style-without-space has-light-gray-gradient-background has-background is-offset-negative is-layout-constrained wp-block-group-is-layout-constrained\" style=\"--_group-offset:-3.5rem\"><div class=\"dhsv-heroimage-with-content-block alignwide\">\n            <div class=\"bg-image\">\n            <img decoding=\"async\" src=\"https:\/\/www.ginesta.ch\/wp-content\/uploads\/anlageimmobilien-hero-ginesta-immobilien.webp\" alt=\"Moderne Wohnanlage mit mehreren Geb\u00e4uden in st\u00e4dtischer Umgebung\" title=\"\">\n        <\/div>\n        <div class=\"is-root-container\">\n        <div class=\"contentbox\">\n            \n\n<h2 class=\"wp-block-heading\">Il tuo valore aggiunto per gli investimenti immobiliari<\/h2>\n\n\n\n<h3 class=\"wp-block-heading\">Consulenza professionale per proprietari e investitori<\/h3>\n\n\n\n<div style=\"height:var(--wp--preset--spacing--small)\" aria-hidden=\"true\" class=\"wp-block-spacer\"><\/div>\n\n\n\n<p>Disponiamo di un&#8217;esperienza decennale nella commercializzazione di propriet\u00e0 condominiali. Grazie alla nostra solida rete nazionale e internazionale, supportiamo sia i proprietari privati che gli investitori esperti nei loro progetti immobiliari. <\/p>\n\n\n\n<p>Che lei desideri ampliare il suo portafoglio immobiliare oppure ottenere il miglior valore possibile per la sua propriet\u00e0, grazie alla nostra combinazione di conoscenza del mercato, discrezione e affidabilit\u00e0, creiamo le basi per decisioni di successo.<\/p>\n\n\n        <\/div>\n    <\/div>\n    <\/div>\n<\/div>\n\n<div class=\"wp-block-group alignwide has-light-gray-gradient-background has-background is-layout-constrained wp-block-group-is-layout-constrained\"><div data-component=\"Benefit\" data-props=\"{&quot;gridLayout&quot;:&quot;three-columns&quot;,&quot;align&quot;:&quot;none&quot;}\" data-prop-children=\"\n&lt;div class=&quot;splide__slide alignnone wp-block-dhsv-benefit-item&quot;&gt;\n        &lt;div data-component=&quot;BenefitItem&quot; data-props=&quot;{&amp;quot;icon&amp;quot;:&amp;quot;icons.bewerbungstool&amp;quot;,&amp;quot;title&amp;quot;:&amp;quot;Valutazione della propriet\\u00e0 &amp;quot;,&amp;quot;text&amp;quot;:&amp;quot;Faccia il valutare suo immobile in modo affidabile e si avvalga della nostra consulenza immobiliare personalizzata.&amp;quot;,&amp;quot;linkText&amp;quot;:&amp;quot;Determini subito il valore della propriet\\u00e0&amp;quot;,&amp;quot;link&amp;quot;:{&amp;quot;url&amp;quot;:&amp;quot;https:\\\/\\\/www.ginesta.ch\\\/immobilienbewertungen\\\/&amp;quot;},&amp;quot;align&amp;quot;:&amp;quot;none&amp;quot;,&amp;quot;disableLink&amp;quot;:false}&quot;&gt;&lt;\/div&gt;\n&lt;\/div&gt;\n\n\n&lt;div class=&quot;splide__slide alignnone wp-block-dhsv-benefit-item&quot;&gt;\n        &lt;div data-component=&quot;BenefitItem&quot; data-props=&quot;{&amp;quot;icon&amp;quot;:&amp;quot;icons.database&amp;quot;,&amp;quot;title&amp;quot;:&amp;quot;Un\\u2019enorme banca dati di clienti&amp;quot;,&amp;quot;text&amp;quot;:&amp;quot;Oltre 20.000 potenziali acquirenti e affittuari attivi. Oltre 60.000 iscritti alla nostra newsletter immobiliare mensile. &amp;quot;,&amp;quot;linkText&amp;quot;:&amp;quot;Crei subito un abbonamento di ricerca&amp;quot;,&amp;quot;link&amp;quot;:{&amp;quot;url&amp;quot;:&amp;quot;https:\\\/\\\/www.ginesta.ch\\\/it-ch\\\/?page_id=15577&amp;quot;},&amp;quot;align&amp;quot;:&amp;quot;none&amp;quot;,&amp;quot;disableLink&amp;quot;:false}&quot;&gt;&lt;\/div&gt;\n&lt;\/div&gt;\n\n\n&lt;div class=&quot;splide__slide alignnone wp-block-dhsv-benefit-item&quot;&gt;\n        &lt;div data-component=&quot;BenefitItem&quot; data-props=&quot;{&amp;quot;icon&amp;quot;:&amp;quot;icons.network&amp;quot;,&amp;quot;title&amp;quot;:&amp;quot;Rete globale&amp;quot;,&amp;quot;text&amp;quot;:&amp;quot;Approfitti della nostra rete immobiliare regionale e internazionale, delle nostre solide partnership e delle nostre affiliazioni strategiche.&amp;quot;,&amp;quot;linkText&amp;quot;:&amp;quot;Scopra la rete&amp;quot;,&amp;quot;link&amp;quot;:{&amp;quot;url&amp;quot;:&amp;quot;https:\\\/\\\/www.ginesta.ch\\\/it-ch\\\/lazienda\\\/rete\\\/&amp;quot;},&amp;quot;align&amp;quot;:&amp;quot;none&amp;quot;,&amp;quot;disableLink&amp;quot;:false}&quot;&gt;&lt;\/div&gt;\n&lt;\/div&gt;\n\n\"><\/div>\n<\/div>\n\n<div class=\"wp-block-columns is-layout-flex wp-container-core-columns-is-layout-9d6595d7 wp-block-columns-is-layout-flex\">\n<div class=\"wp-block-column is-layout-flow wp-block-column-is-layout-flow\"><\/div>\n<\/div>\n\n<div style=\"height:var(--wp--preset--spacing--medium)\" aria-hidden=\"true\" class=\"wp-block-spacer\"><\/div>\n\n<div class=\"wp-block-group alignwide is-layout-constrained wp-block-group-is-layout-constrained\">\n<h2 class=\"wp-block-heading has-h-3-font-size\">La nostra rete di eccellenza<\/h2>\n\n\n\n<p>La nostra solida rete nazionale e internazionale le permette l&#8217;accesso a un ampio spettro di potenziali acquirenti. Collaboriamo con partner affidabili in tutta la Svizzera e all&#8217;estero, offrendo un&#8217;esperienza completa e interregionale per la commercializzazione del suo immobile. <\/p>\n\n\n\n<p>Contatti subito il nostro team di esperti per una consulenza non vincolante. Non vediamo l&#8217;ora di supportarla nel suo progetto. <\/p>\n\n\n<div class=\"dhsv-logo-slider-block align\">\n    <div class=\"dhsv-slider splide with-space\" data-splide=\"{&quot;type&quot;:&quot;loop&quot;,&quot;autoplay&quot;:null,&quot;autoWidth&quot;:true,&quot;autoScroll&quot;:{&quot;speed&quot;:1,&quot;pauseOnHover&quot;:true},&quot;pagination&quot;:false,&quot;arrows&quot;:false,&quot;breakpoints&quot;:{&quot;768&quot;:{&quot;perPage&quot;:2,&quot;autoScroll&quot;:{&quot;speed&quot;:1,&quot;pauseOnHover&quot;:true}}}}\">\n        <div class=\"splide__track\">\n            <div class=\"splide__list\">\n                                    <div class=\"splide__slide logo-slide\">\n                                                    <img decoding=\"async\" src=\"https:\/\/www.ginesta.ch\/wp-content\/uploads\/netzwerk-vzi-logo-weis-ginesta-immobilie.svg\" alt=\"\" title=\"\">\n                                            <\/div>\n                                    <div class=\"splide__slide logo-slide\">\n                                                    <img decoding=\"async\" src=\"https:\/\/www.ginesta.ch\/wp-content\/uploads\/netzwerk-swiss-circle-logo-weis-ginesta-immobilie.svg\" alt=\"\" title=\"\">\n                                            <\/div>\n                                    <div class=\"splide__slide logo-slide\">\n                                                    <img decoding=\"async\" src=\"https:\/\/www.ginesta.ch\/wp-content\/uploads\/netzwerk-SVIT-logo-weis-ginesta-immobilie4790.svg\" alt=\"\" title=\"\">\n                                            <\/div>\n                                    <div class=\"splide__slide logo-slide\">\n                                                    <img decoding=\"async\" src=\"https:\/\/www.ginesta.ch\/wp-content\/uploads\/netzwerk-knightfrank-logo-weis-ginesta-immobilie.svg\" alt=\"\" title=\"\">\n                                            <\/div>\n                            <\/div>\n        <\/div>\n        <div class=\"splide__arrows splide__pagination-container\">\n    <button class=\"splide__arrow splide__arrow--prev\">\n        <svg class=\"dhsv-icon\" width=\"12\" height=\"21\" viewBox=\"0 0 12 21\" fill=\"none\" xmlns=\"http:\/\/www.w3.org\/2000\/svg\">\n  <path d=\"M1.59961 1.59961L10.4159 10.22L1.59961 19.2323\" stroke=\"var(--icon-base)\" stroke-width=\"2\" stroke-linecap=\"round\" stroke-linejoin=\"round\"\/>\n<\/svg>    <\/button>\n    <ul class=\"splide__pagination\"><\/ul>\n    <button class=\"splide__arrow splide__arrow--next\">\n        <svg class=\"dhsv-icon\" width=\"12\" height=\"21\" viewBox=\"0 0 12 21\" fill=\"none\" xmlns=\"http:\/\/www.w3.org\/2000\/svg\">\n  <path d=\"M1.59961 1.59961L10.4159 10.22L1.59961 19.2323\" stroke=\"var(--icon-base)\" stroke-width=\"2\" stroke-linecap=\"round\" stroke-linejoin=\"round\"\/>\n<\/svg>    <\/button>\n<\/div>\n    <\/div>\n<\/div>\n\n\n\n<p><\/p>\n\n\n\n<p><\/p>\n\n\n\n<h2 class=\"wp-block-heading alignwide has-h-3-font-size\">Il nostro processo di marketing in sintesi<\/h2>\n\n\n\n<div style=\"height:54px\" aria-hidden=\"true\" class=\"wp-block-spacer\"><\/div>\n\n\n<section class=\"slider-container  text-default alignwide\">\n    <div\n        class=\"dhsv-slider splide alignfull  with-space\"\n        aria-label=\"\"\n        data-splide=\"{&quot;type&quot;:&quot;slide&quot;,&quot;autoplay&quot;:false,&quot;autoWidth&quot;:false,&quot;perPage&quot;:4,&quot;arrows&quot;:false,&quot;pagination&quot;:false,&quot;destroy&quot;:true,&quot;breakpoints&quot;:{&quot;768&quot;:{&quot;perPage&quot;:1,&quot;arrows&quot;:false,&quot;pagination&quot;:false,&quot;destroy&quot;:false},&quot;1024&quot;:{&quot;perPage&quot;:2,&quot;arrows&quot;:false,&quot;pagination&quot;:false,&quot;destroy&quot;:false},&quot;1500&quot;:{&quot;perPage&quot;:3,&quot;arrows&quot;:false,&quot;pagination&quot;:false,&quot;destroy&quot;:false}},&quot;adjustableHeight&quot;:{&quot;maximizeHeight&quot;:true}}\"\n    >\n        <div class=\"splide__track\">\n            <div class=\"splide__list\">\n                \n<div class=\"dhsv-slider-item splide__slide\">\n\t\n<div class=\"dhsv-roadmap\">\n    <div class=\"roadmap-header\">\n            <div class=\"roadmap-number h3\"><\/div>\n            <div class=\"roadmap-arrow\">\n                <div class=\"arrow-line\"><\/div>\n                <svg width=\"14\" height=\"24\" viewBox=\"0 0 14 24\" fill=\"none\" xmlns=\"http:\/\/www.w3.org\/2000\/svg\" class=\"arrow-chevron\">\n                    <path d=\"M1.5 1.5L12.5 12L1.5 22.5\" stroke=\"currentColor\" stroke-width=\"3\" stroke-linecap=\"round\" stroke-linejoin=\"round\"\/>\n                <\/svg>\n            <\/div>\n        <\/div>\n        <div class=\"roadmap-content\">\n            <h3 class=\"roadmap-title h5\">Valutazione e offerta<\/h3>\n            <p class=\"roadmap-text\">\n                Nella prima fase, ispezioniamo l&#8217;immobile, analizziamo tutti i documenti pertinenti e chiariamo le opzioni di costruzione e gli ostacoli legali. I nostri esperti di valutazione valutano l&#8217;immobile e forniscono una raccomandazione sul valore di mercato. \n            <\/p>\n        <\/div>\n<\/div>\n\n\n<\/div>\n\n\n<div class=\"dhsv-slider-item splide__slide\">\n\t\n<div class=\"dhsv-roadmap\">\n    <div class=\"roadmap-header\">\n            <div class=\"roadmap-number h3\"><\/div>\n            <div class=\"roadmap-arrow\">\n                <div class=\"arrow-line\"><\/div>\n                <svg width=\"14\" height=\"24\" viewBox=\"0 0 14 24\" fill=\"none\" xmlns=\"http:\/\/www.w3.org\/2000\/svg\" class=\"arrow-chevron\">\n                    <path d=\"M1.5 1.5L12.5 12L1.5 22.5\" stroke=\"currentColor\" stroke-width=\"3\" stroke-linecap=\"round\" stroke-linejoin=\"round\"\/>\n                <\/svg>\n            <\/div>\n        <\/div>\n        <div class=\"roadmap-content\">\n            <h3 class=\"roadmap-title h5\">Preparazione alla vendita<\/h3>\n            <p class=\"roadmap-text\">\n                Definiamo la strategia di prezzo e di vendita ideale, creiamo contenuti professionali in tedesco e inglese e sviluppiamo un concetto di marketing nazionale e internazionale. Tutti i documenti sono pronti per l&#8217;inizio della commercializzazione. \n            <\/p>\n        <\/div>\n<\/div>\n\n\n<\/div>\n\n\n<div class=\"dhsv-slider-item splide__slide\">\n\t\n<div class=\"dhsv-roadmap\">\n    <div class=\"roadmap-header\">\n            <div class=\"roadmap-number h3\"><\/div>\n            <div class=\"roadmap-arrow\">\n                <div class=\"arrow-line\"><\/div>\n                <svg width=\"14\" height=\"24\" viewBox=\"0 0 14 24\" fill=\"none\" xmlns=\"http:\/\/www.w3.org\/2000\/svg\" class=\"arrow-chevron\">\n                    <path d=\"M1.5 1.5L12.5 12L1.5 22.5\" stroke=\"currentColor\" stroke-width=\"3\" stroke-linecap=\"round\" stroke-linejoin=\"round\"\/>\n                <\/svg>\n            <\/div>\n        <\/div>\n        <div class=\"roadmap-content\">\n            <h3 class=\"roadmap-title h5\">Commercializzazione<\/h3>\n            <p class=\"roadmap-text\">\n                L\u2019offerta viene inviata in modo riservato alla nostra ampia rete e ai clienti di ricerca idonei, e pubblicata nei canali concordati. Gli interessati vengono qualificati attraverso colloqui personali secondo un processo strutturato a fasi.<br>Le visite individuali vengono organizzate e svolte con la massima cura.  \n            <\/p>\n        <\/div>\n<\/div>\n\n\n<\/div>\n\n\n<div class=\"dhsv-slider-item splide__slide\">\n\t\n<div class=\"dhsv-roadmap\">\n    <div class=\"roadmap-header\">\n            <div class=\"roadmap-number h3\"><\/div>\n            <div class=\"roadmap-arrow\">\n                <div class=\"arrow-line\"><\/div>\n                <svg width=\"14\" height=\"24\" viewBox=\"0 0 14 24\" fill=\"none\" xmlns=\"http:\/\/www.w3.org\/2000\/svg\" class=\"arrow-chevron\">\n                    <path d=\"M1.5 1.5L12.5 12L1.5 22.5\" stroke=\"currentColor\" stroke-width=\"3\" stroke-linecap=\"round\" stroke-linejoin=\"round\"\/>\n                <\/svg>\n            <\/div>\n        <\/div>\n        <div class=\"roadmap-content\">\n            <h3 class=\"roadmap-title h5\">Fase di finalizzazione<\/h3>\n            <p class=\"roadmap-text\">\n                Forniamo consulenza a entrambe le parti, conduciamo le trattative, elaboriamo il contratto di prenotazione e il contratto di compravendita insieme allo studio notarile e coordiniamo la stipula e il trasferimento di propriet\u00e0. Inoltre, offriamo supporto per la dichiarazione dell\u2019imposta sugli utili fondiari. \n            <\/p>\n        <\/div>\n<\/div>\n\n\n<\/div>\n\n\n            <\/div>\n        <\/div>\n\n        <div class=\"splide__arrows splide__pagination-container\">\n    <button class=\"splide__arrow splide__arrow--prev\">\n        <svg class=\"dhsv-icon\" width=\"12\" height=\"21\" viewBox=\"0 0 12 21\" fill=\"none\" xmlns=\"http:\/\/www.w3.org\/2000\/svg\">\n  <path d=\"M1.59961 1.59961L10.4159 10.22L1.59961 19.2323\" stroke=\"var(--icon-base)\" stroke-width=\"2\" stroke-linecap=\"round\" stroke-linejoin=\"round\"\/>\n<\/svg>    <\/button>\n    <ul class=\"splide__pagination\"><\/ul>\n    <div class=\"splide__pagination__numbers\">\n        <span class=\"current\"><\/span>\n        <span class=\"total\"><\/span>\n    <\/div>\n    <button class=\"splide__arrow splide__arrow--next\">\n        <svg class=\"dhsv-icon\" width=\"12\" height=\"21\" viewBox=\"0 0 12 21\" fill=\"none\" xmlns=\"http:\/\/www.w3.org\/2000\/svg\">\n  <path d=\"M1.59961 1.59961L10.4159 10.22L1.59961 19.2323\" stroke=\"var(--icon-base)\" stroke-width=\"2\" stroke-linecap=\"round\" stroke-linejoin=\"round\"\/>\n<\/svg>    <\/button>\n<\/div>\n    <\/div>\n<\/section>\n\n<\/div>\n\n<div style=\"height:var(--wp--preset--spacing--medium)\" aria-hidden=\"true\" class=\"wp-block-spacer\"><\/div>\n<div class=\"alignwide\">\n    <div class=\"dhsv-cta-image-block background-grey\">\n        <div class=\"inner\">\n                            <div class=\"image\">\n                    <img decoding=\"async\" loading=\"lazy\" src=\"https:\/\/www.ginesta.ch\/wp-content\/uploads\/verkaufen-anlagenimmobilien-cta-martin-brunger-ginesta-immobilien-e1761657441907.webp\" srcset=\"https:\/\/www.ginesta.ch\/wp-content\/uploads\/verkaufen-anlagenimmobilien-cta-martin-brunger-ginesta-immobilien-e1761657441907-400x400.webp 400w, https:\/\/www.ginesta.ch\/wp-content\/uploads\/verkaufen-anlagenimmobilien-cta-martin-brunger-ginesta-immobilien-e1761657441907-600x571.webp 600w, https:\/\/www.ginesta.ch\/wp-content\/uploads\/verkaufen-anlagenimmobilien-cta-martin-brunger-ginesta-immobilien-e1761657441907-768x473.webp 768w\" alt=\"Martin Br\u00fcngger Anlageimmobilien Team Transaktionsmanagement Gewerbeimmobilien\" title=\"\">\n                <\/div>\n                        <div class=\"content\">\n                \n\n<h2 class=\"wp-block-heading has-h-4-font-size\">Domande sulle propriet\u00e0 condominiali? Martin Br\u00fcngger \u00e8 a sua disposizione. <\/h2>\n\n\n\n<p class=\"has-text-font-size\">La nostra competenza in questo settore garantisce un processo professionale \u2013 dalla valutazione fino alla consegna. Se desidera ulteriori informazioni sulle possibilit\u00e0 a sua disposizione, saremo lieti di essere contattati. <\/p>\n\n\n<div class=\"dhsv-buttons horizontal is-layout-flex wp-block-dhsv-buttons-is-layout-flex\" data-align=\"wide\" style=\"display: flex; flex-wrap: wrap; --button-width: unset; flex-direction: row; justify-content: left\">\n\t\n<div class=\"dhsv-button-wrapper  alignleft\">\n                    <a class=\"dhsv-button \" href=\"mailto:bruengger@ginesta.ch\" data-type=\"primary\" data-icon-before>\n                <div class=\"button-text\">\n                    <span class=\"text\">E-Mail senden<\/span>\n                                            <svg class=\"dhsv-icon\" width=\"16\" height=\"16\" viewBox=\"0 0 16 16\" fill=\"none\" xmlns=\"http:\/\/www.w3.org\/2000\/svg\">\n<path d=\"M2.4 3H13.6C14.37 3 15 3.61875 15 4.375V12.625C15 13.3813 14.37 14 13.6 14H2.4C1.63 14 1 13.3813 1 12.625V4.375C1 3.61875 1.63 3 2.4 3Z\" stroke=\"var(--icon-base)\" stroke-linecap=\"round\" stroke-linejoin=\"round\"\/>\n<path d=\"M15 4.375L8 9.1875L1 4.375\" stroke=\"var(--icon-base)\" stroke-linecap=\"round\" stroke-linejoin=\"round\"\/>\n<\/svg>                                    <\/div>\n            <\/a>\n            <\/div>\n\n\n<div class=\"dhsv-button-wrapper  alignleft\">\n                    <a class=\"dhsv-button \" href=\"tel:+41449141063\" data-type=\"primary\">\n                <div class=\"button-text\">\n                    <span class=\"text\">+41 44 914 10 63<\/span>\n                                    <\/div>\n            <\/a>\n            <\/div>\n\n\n<\/div>\n\n\n            <\/div>\n        <\/div>\n    <\/div>\n<\/div>\n\n<p><\/p>\n","protected":false},"excerpt":{"rendered":"<p>Vendere una propriet\u00e0 condominiale La nostra rete di eccellenza La nostra solida rete nazionale e internazionale le permette l&#8217;accesso a un ampio spettro di potenziali acquirenti. Collaboriamo con partner affidabili in tutta la Svizzera e all&#8217;estero, offrendo un&#8217;esperienza completa e interregionale per la commercializzazione del suo immobile. Contatti subito il nostro team di esperti per &hellip; <a href=\"https:\/\/www.ginesta.ch\/it-ch\/processo-di-vendita\/vendita-di-immobili-commerciali\/\">Leggi tutto<\/a><\/p>\n","protected":false},"author":7,"featured_media":63155,"parent":15590,"menu_order":0,"comment_status":"closed","ping_status":"closed","template":"","meta":{"_acf_changed":false,"footnotes":""},"class_list":["post-15628","page","type-page","status-publish","has-post-thumbnail","hentry"],"acf":[],"featured_image_data":{"title":"anlageimmobilien-teaser-ginesta-immobilien","url":"https:\/\/www.ginesta.ch\/wp-content\/uploads\/anlageimmobilien-teaser-ginesta-immobilien.webp","width":712,"height":886,"type":"image\/webp"},"featured_image_url":"https:\/\/www.ginesta.ch\/wp-content\/uploads\/anlageimmobilien-teaser-ginesta-immobilien.webp","_links":{"self":[{"href":"https:\/\/www.ginesta.ch\/it-ch\/wp-json\/wp\/v2\/pages\/15628","targetHints":{"allow":["GET"]}}],"collection":[{"href":"https:\/\/www.ginesta.ch\/it-ch\/wp-json\/wp\/v2\/pages"}],"about":[{"href":"https:\/\/www.ginesta.ch\/it-ch\/wp-json\/wp\/v2\/types\/page"}],"author":[{"embeddable":true,"href":"https:\/\/www.ginesta.ch\/it-ch\/wp-json\/wp\/v2\/users\/7"}],"replies":[{"embeddable":true,"href":"https:\/\/www.ginesta.ch\/it-ch\/wp-json\/wp\/v2\/comments?post=15628"}],"version-history":[{"count":16,"href":"https:\/\/www.ginesta.ch\/it-ch\/wp-json\/wp\/v2\/pages\/15628\/revisions"}],"predecessor-version":[{"id":128239,"href":"https:\/\/www.ginesta.ch\/it-ch\/wp-json\/wp\/v2\/pages\/15628\/revisions\/128239"}],"up":[{"embeddable":true,"href":"https:\/\/www.ginesta.ch\/it-ch\/wp-json\/wp\/v2\/pages\/15590"}],"wp:featuredmedia":[{"embeddable":true,"href":"https:\/\/www.ginesta.ch\/it-ch\/wp-json\/wp\/v2\/media\/63155"}],"wp:attachment":[{"href":"https:\/\/www.ginesta.ch\/it-ch\/wp-json\/wp\/v2\/media?parent=15628"}],"curies":[{"name":"wp","href":"https:\/\/api.w.org\/{rel}","templated":true}]}}