{"id":112351,"date":"2025-11-24T15:56:44","date_gmt":"2025-11-24T14:56:44","guid":{"rendered":"https:\/\/www.ginesta.ch\/lazienda\/reti\/"},"modified":"2026-01-15T15:49:45","modified_gmt":"2026-01-15T14:49:45","slug":"reti","status":"publish","type":"page","link":"https:\/\/www.ginesta.ch\/it-ch\/lazienda\/reti\/","title":{"rendered":"Reti"},"content":{"rendered":"<div class=\"dhsv-breadcrumb-block alignwide\">\n            <nav aria-label=\"breadcrumbs\" class=\"rank-math-breadcrumb\"><p><span class=\"last\">Home page<\/span><\/p><\/nav>\n    <\/div>\n\n<h1 class=\"wp-block-heading alignwide\">Reti: le nostre connessioni per il valore aggiunto e la qualit\u00e0<\/h1>\n\n<div style=\"height:var(--wp--preset--spacing--medium)\" aria-hidden=\"true\" class=\"wp-block-spacer\"><\/div>\n\n<div class=\"wp-block-group alignfull is-style-without-space has-light-gray-gradient-background has-background is-offset-negative is-layout-constrained wp-block-group-is-layout-constrained\" style=\"--_group-offset:-3.5rem\"><div class=\"dhsv-heroimage-with-content-block alignwide\">\n            <div class=\"bg-image\">\n            <img decoding=\"async\" src=\"https:\/\/www.ginesta.ch\/wp-content\/uploads\/iStock-1472070368.jpg\" alt=\"Gr\u00fcne Landschaft mit bewaldeten H\u00fcgeln und klarem blauen Himmel\" title=\"\">\n        <\/div>\n        <div class=\"is-root-container\">\n        <div class=\"contentbox\">\n            \n\n<h2 class=\"wp-block-heading\">Competenza locale, portata internazionale<\/h2>\n\n\n\n<h3 class=\"wp-block-heading has-h-4-font-size\">Partnership che offrono ai nostri clienti un reale valore aggiunto<\/h3>\n\n\n\n<hr class=\"wp-block-separator has-alpha-channel-opacity is-style-default\"\/>\n\n\n\n<p>In Ginesta Immobilien AG, manteniamo partnership che ampliano in modo specifico la nostra forza come societ\u00e0 immobiliare svizzera affermata. Le nostre reti combinano la conoscenza del mercato locale con la portata nazionale e internazionale e creano accesso a competenze, scambi e visibilit\u00e0. In questo modo, garantiamo ai nostri clienti una qualit\u00e0 comprovata, standard professionali e una comprensione completa del mercato. Per questo motivo siamo coinvolti in cinque importanti network:   <\/p>\n\n\n        <\/div>\n    <\/div>\n    <\/div>\n\n\n\n<div class=\"wp-block-columns is-layout-flex wp-container-core-columns-is-layout-9d6595d7 wp-block-columns-is-layout-flex\">\n<div class=\"wp-block-column is-layout-flow wp-block-column-is-layout-flow\">\n<figure class=\"wp-block-image size-full is-resized\"><img decoding=\"async\" src=\"https:\/\/www.ginesta.ch\/wp-content\/uploads\/netzwerk-knightfrank-logo-grau-ginesta-immobilie.svg\" alt=\"\" class=\"wp-image-64667\" style=\"width:228px;height:auto\" title=\"\"><\/figure>\n\n\n\n<p>Knight Frank \u00e8 una delle pi\u00f9 rinomate societ\u00e0 immobiliari internazionali. Questo legame ci d\u00e0 accesso ad analisi di mercato globali, approfondimenti rilevanti e una rete di clienti mondiale. Questo ci permette di posizionare in modo ottimale immobili svizzeri di alta qualit\u00e0 a livello internazionale e di supportare i clienti con le necessarie informazioni di mercato oltre i confini nazionali.  <\/p>\n<\/div>\n\n\n\n<div class=\"wp-block-column is-layout-flow wp-block-column-is-layout-flow\">\n<figure class=\"wp-block-image size-full\"><img decoding=\"async\" src=\"https:\/\/www.ginesta.ch\/wp-content\/uploads\/netzwerk-SVIT-logo-grau-ginesta-immobilie4790.svg\" alt=\"\" class=\"wp-image-64676\" title=\"\"><\/figure>\n\n\n\n<p>In qualit\u00e0 di membro dello SVIT, ci impegniamo a rispettare gli standard del settore immobiliare svizzero. La competenza, la formazione continua e la comprensione comune di un servizio di alta qualit\u00e0 sono alla base di questo impegno. La nostra adesione rafforza la nostra professionalit\u00e0 e garantisce che lavoriamo sempre secondo standard attuali, equi e trasparenti.  <\/p>\n<\/div>\n<\/div>\n\n\n\n<div class=\"wp-block-columns is-layout-flex wp-container-core-columns-is-layout-9d6595d7 wp-block-columns-is-layout-flex\">\n<div class=\"wp-block-column is-layout-flow wp-block-column-is-layout-flow\">\n<figure class=\"wp-block-image size-full is-resized\"><img decoding=\"async\" src=\"https:\/\/www.ginesta.ch\/wp-content\/uploads\/netzwerk-LeadingRE-logo-grau-ginesta-immobilie.svg\" alt=\"\" class=\"wp-image-72318\" style=\"width:210px;height:auto\" title=\"\"><\/figure>\n\n\n\n<p>Leading RE riunisce le pi\u00f9 solide societ\u00e0 immobiliari indipendenti di tutto il mondo. Questo collegamento ci permette di dialogare direttamente con i leader del mercato internazionale e di accedere a soggetti interessati qualificati in tutto il mondo. In questo modo, combiniamo la nostra forza regionale con una prospettiva internazionale.  <\/p>\n<\/div>\n\n\n\n<div class=\"wp-block-column is-layout-flow wp-block-column-is-layout-flow\">\n<figure class=\"wp-block-image size-full\"><img decoding=\"async\" src=\"https:\/\/www.ginesta.ch\/wp-content\/uploads\/netzwerk-swiss-circle-logo-grau-ginesta-immobilie.svg\" alt=\"\" class=\"wp-image-64679\" title=\"\"><\/figure>\n\n\n\n<p>Swiss Circle \u00e8 l&#8217;organizzazione di networking e marketing dell&#8217;industria immobiliare svizzera, con particolare attenzione agli eventi esclusivi, alla promozione dell&#8217;innovazione e alla presenza internazionale. Per Ginesta, questo significa Ottenere l&#8217;accesso ai contatti, alle intuizioni e alle tendenze del settore, mantenendo cos\u00ec un ruolo attivo nell&#8217;ecosistema immobiliare svizzero. <\/p>\n<\/div>\n<\/div>\n\n\n\n<div class=\"wp-block-columns is-layout-flex wp-container-core-columns-is-layout-9d6595d7 wp-block-columns-is-layout-flex\">\n<div class=\"wp-block-column is-layout-flow wp-block-column-is-layout-flow\">\n<figure class=\"wp-block-image size-full\"><img decoding=\"async\" src=\"https:\/\/www.ginesta.ch\/wp-content\/uploads\/netzwerk-vzi-logo-grau-ginesta-immobilie.svg\" alt=\"\" class=\"wp-image-64682\" title=\"\"><\/figure>\n\n\n\n<p>La VZI riunisce aziende immobiliari affermate della regione di Zurigo e crea una piattaforma di scambio, di conoscenza del mercato e di sviluppo comune. Grazie a questa adesione, siamo strettamente connessi con l&#8217;industria immobiliare regionale, acquisiamo preziose conoscenze sulle tendenze locali e manteniamo un dialogo attivo con i principali operatori del settore. <\/p>\n<\/div>\n\n\n\n<div class=\"wp-block-column is-layout-flow wp-block-column-is-layout-flow\"><\/div>\n<\/div>\n<\/div>\n\n<div style=\"height:var(--wp--preset--spacing--medium)\" aria-hidden=\"true\" class=\"wp-block-spacer\"><\/div>\n\n<div class=\"wp-block-columns alignwide is-layout-flex wp-container-core-columns-is-layout-9d6595d7 wp-block-columns-is-layout-flex\">\n<div class=\"wp-block-column is-layout-flow wp-block-column-is-layout-flow\"><div class=\"dhsv-newsletter-block alignfull\">\n            <h2 class=\"h4 headline\">Newsletter immobiliare Ginesta<\/h2>\n                <p class=\"text\">Entri a far parte della nostra community e riceva offerte immobiliari esclusive, informazioni aggiornate sul settore immobiliare e le nostre novit\u00e0 direttamente nella sua casella di posta elettronica.<\/p>\n                <div class=\"newsletter-form\">\n            \n<script>\n\/\/----------------------------------------------------------\n\/\/------ JAVASCRIPT HOOK FUNCTIONS FOR GRAVITY FORMS -------\n\/\/----------------------------------------------------------\n\nif ( ! gform ) {\n\tdocument.addEventListener( 'gform_main_scripts_loaded', function() { gform.scriptsLoaded = true; } );\n\tdocument.addEventListener( 'gform\/theme\/scripts_loaded', function() { gform.themeScriptsLoaded = true; } );\n\twindow.addEventListener( 'DOMContentLoaded', function() { gform.domLoaded = true; } );\n\n\tvar gform = {\n\t\tdomLoaded: false,\n\t\tscriptsLoaded: false,\n\t\tthemeScriptsLoaded: false,\n\t\tisFormEditor: () => typeof InitializeEditor === 'function',\n\n\t\t\/**\n\t\t * @deprecated 2.9 the use of initializeOnLoaded in the form editor context is deprecated.\n\t\t * @remove-in 4.0 this function will not check for gform.isFormEditor().\n\t\t *\/\n\t\tcallIfLoaded: function ( fn ) {\n\t\t\tif ( gform.domLoaded && gform.scriptsLoaded && ( gform.themeScriptsLoaded || gform.isFormEditor() ) ) {\n\t\t\t\tif ( gform.isFormEditor() ) {\n\t\t\t\t\tconsole.warn( 'The use of gform.initializeOnLoaded() is deprecated in the form editor context and will be removed in Gravity Forms 3.1.' );\n\t\t\t\t}\n\t\t\t\tfn();\n\t\t\t\treturn true;\n\t\t\t}\n\t\t\treturn false;\n\t\t},\n\n\t\t\/**\n\t\t * Call a function when all scripts are loaded\n\t\t *\n\t\t * @param function fn the callback function to call when all scripts are loaded\n\t\t *\n\t\t * @returns void\n\t\t *\/\n\t\tinitializeOnLoaded: function( fn ) {\n\t\t\tif ( ! gform.callIfLoaded( fn ) ) {\n\t\t\t\tdocument.addEventListener( 'gform_main_scripts_loaded', () => { gform.scriptsLoaded = true; gform.callIfLoaded( fn ); } );\n\t\t\t\tdocument.addEventListener( 'gform\/theme\/scripts_loaded', () => { gform.themeScriptsLoaded = true; gform.callIfLoaded( fn ); } );\n\t\t\t\twindow.addEventListener( 'DOMContentLoaded', () => { gform.domLoaded = true; gform.callIfLoaded( fn ); } );\n\t\t\t}\n\t\t},\n\n\t\thooks: { action: {}, filter: {} },\n\t\taddAction: function( action, callable, priority, tag ) {\n\t\t\tgform.addHook( 'action', action, callable, priority, tag );\n\t\t},\n\t\taddFilter: function( action, callable, priority, tag ) {\n\t\t\tgform.addHook( 'filter', action, callable, priority, tag );\n\t\t},\n\t\tdoAction: function( action ) {\n\t\t\tgform.doHook( 'action', action, arguments );\n\t\t},\n\t\tapplyFilters: function( action ) {\n\t\t\treturn gform.doHook( 'filter', action, arguments );\n\t\t},\n\t\tremoveAction: function( action, tag ) {\n\t\t\tgform.removeHook( 'action', action, tag );\n\t\t},\n\t\tremoveFilter: function( action, priority, tag ) {\n\t\t\tgform.removeHook( 'filter', action, priority, tag );\n\t\t},\n\t\taddHook: function( hookType, action, callable, priority, tag ) {\n\t\t\tif ( undefined == gform.hooks[hookType][action] ) {\n\t\t\t\tgform.hooks[hookType][action] = [];\n\t\t\t}\n\t\t\tvar hooks = gform.hooks[hookType][action];\n\t\t\tif ( undefined == tag ) {\n\t\t\t\ttag = action + '_' + hooks.length;\n\t\t\t}\n\t\t\tif( priority == undefined ){\n\t\t\t\tpriority = 10;\n\t\t\t}\n\n\t\t\tgform.hooks[hookType][action].push( { tag:tag, callable:callable, priority:priority } );\n\t\t},\n\t\tdoHook: function( hookType, action, args ) {\n\n\t\t\t\/\/ splice args from object into array and remove first index which is the hook name\n\t\t\targs = Array.prototype.slice.call(args, 1);\n\n\t\t\tif ( undefined != gform.hooks[hookType][action] ) {\n\t\t\t\tvar hooks = gform.hooks[hookType][action], hook;\n\t\t\t\t\/\/sort by priority\n\t\t\t\thooks.sort(function(a,b){return a[\"priority\"]-b[\"priority\"]});\n\n\t\t\t\thooks.forEach( function( hookItem ) {\n\t\t\t\t\thook = hookItem.callable;\n\n\t\t\t\t\tif(typeof hook != 'function')\n\t\t\t\t\t\thook = window[hook];\n\t\t\t\t\tif ( 'action' == hookType ) {\n\t\t\t\t\t\thook.apply(null, args);\n\t\t\t\t\t} else {\n\t\t\t\t\t\targs[0] = hook.apply(null, args);\n\t\t\t\t\t}\n\t\t\t\t} );\n\t\t\t}\n\t\t\tif ( 'filter'==hookType ) {\n\t\t\t\treturn args[0];\n\t\t\t}\n\t\t},\n\t\tremoveHook: function( hookType, action, priority, tag ) {\n\t\t\tif ( undefined != gform.hooks[hookType][action] ) {\n\t\t\t\tvar hooks = gform.hooks[hookType][action];\n\t\t\t\thooks = hooks.filter( function(hook, index, arr) {\n\t\t\t\t\tvar removeHook = (undefined==tag||tag==hook.tag) && (undefined==priority||priority==hook.priority);\n\t\t\t\t\treturn !removeHook;\n\t\t\t\t} );\n\t\t\t\tgform.hooks[hookType][action] = hooks;\n\t\t\t}\n\t\t}\n\t};\n}\n<\/script>\n\n                <div class='gf_browser_gecko gform_wrapper gravity-theme gform-theme--no-framework' data-form-theme='gravity-theme' data-form-index='0' id='gform_wrapper_4' ><div id='gf_4' class='gform_anchor' tabindex='-1'><\/div><form method='post' enctype='multipart\/form-data' target='gform_ajax_frame_4' id='gform_4'  action='\/it-ch\/wp-json\/wp\/v2\/pages\/112351#gf_4' data-formid='4' novalidate>\n                        <div class='gform-body gform_body'><div id='gform_fields_4' class='gform_fields top_label form_sublabel_below description_below validation_below'><div id=\"field_4_15\" class=\"gfield gfield--type-honeypot gform_validation_container field_sublabel_below gfield--has-description field_description_below field_validation_below gfield_visibility_visible\"  ><label class='gfield_label gform-field-label' for='input_4_15'>Email<\/label><div class='ginput_container'><input name='input_15' id='input_4_15' type='text' value='' autocomplete='new-password'\/><\/div><div class='gfield_description' id='gfield_description_4_15'>This field is for validation purposes and should be left unchanged.<\/div><\/div><div id=\"field_4_6\" class=\"gfield gfield--type-select gfield--input-type-select gfield--width-full gfield_contains_required field_sublabel_below gfield--no-description field_description_below hidden_label field_validation_below gfield_visibility_visible\"  ><label class='gfield_label gform-field-label' for='input_4_6'>Saluto<span class=\"gfield_required\"><span class=\"gfield_required gfield_required_text\">(Required)<\/span><\/span><\/label><div class='ginput_container ginput_container_select'><select name='input_6' id='input_4_6' class='large gfield_select'    aria-required=\"true\" aria-invalid=\"false\" ><option value='' selected='selected' class='gf_placeholder'>Saluto<\/option><option value='Signora' >Signora<\/option><option value='Sig.' >Sig.<\/option><option value='Varie' >Varie<\/option><\/select><\/div><\/div><div id=\"field_4_10\" class=\"gfield gfield--type-text gfield--input-type-text gfield--width-half gfield_contains_required field_sublabel_below gfield--no-description field_description_below field_validation_below gfield_visibility_visible\"  ><label class='gfield_label gform-field-label' for='input_4_10'>Nome<span class=\"gfield_required\"><span class=\"gfield_required gfield_required_text\">(Required)<\/span><\/span><\/label><div class='ginput_container ginput_container_text'><span class=\"gform_field_icon name\"><svg width=\"12\" height=\"12\" viewBox=\"0 0 12 12\" fill=\"none\" xmlns=\"http:\/\/www.w3.org\/2000\/svg\">\n<path d=\"M11 11.3242V9.82422C11 9.02857 10.7366 8.26551 10.2678 7.7029C9.79893 7.14029 9.16304 6.82422 8.5 6.82422H3.5C2.83696 6.82422 2.20107 7.14029 1.73223 7.7029C1.26339 8.26551 1 9.02857 1 9.82422V11.3242\" stroke=\"var(--icon-base)\" stroke-linecap=\"round\" stroke-linejoin=\"round\"\/>\n<path d=\"M6 5.32422C7.24264 5.32422 8.25 4.31686 8.25 3.07422C8.25 1.83158 7.24264 0.824219 6 0.824219C4.75736 0.824219 3.75 1.83158 3.75 3.07422C3.75 4.31686 4.75736 5.32422 6 5.32422Z\" stroke=\"var(--icon-base)\" stroke-linecap=\"round\" stroke-linejoin=\"round\"\/>\n<\/svg>\n<\/span><input name='input_10' id='input_4_10' type='text' value='' class='large'     aria-required=\"true\" aria-invalid=\"false\"   \/><\/div><\/div><div id=\"field_4_11\" class=\"gfield gfield--type-text gfield--input-type-text gfield--width-half gfield_contains_required field_sublabel_below gfield--no-description field_description_below field_validation_below gfield_visibility_visible\"  ><label class='gfield_label gform-field-label' for='input_4_11'>Cognome<span class=\"gfield_required\"><span class=\"gfield_required gfield_required_text\">(Required)<\/span><\/span><\/label><div class='ginput_container ginput_container_text'><span class=\"gform_field_icon name\"><svg width=\"12\" height=\"12\" viewBox=\"0 0 12 12\" fill=\"none\" xmlns=\"http:\/\/www.w3.org\/2000\/svg\">\n<path d=\"M11 11.3242V9.82422C11 9.02857 10.7366 8.26551 10.2678 7.7029C9.79893 7.14029 9.16304 6.82422 8.5 6.82422H3.5C2.83696 6.82422 2.20107 7.14029 1.73223 7.7029C1.26339 8.26551 1 9.02857 1 9.82422V11.3242\" stroke=\"var(--icon-base)\" stroke-linecap=\"round\" stroke-linejoin=\"round\"\/>\n<path d=\"M6 5.32422C7.24264 5.32422 8.25 4.31686 8.25 3.07422C8.25 1.83158 7.24264 0.824219 6 0.824219C4.75736 0.824219 3.75 1.83158 3.75 3.07422C3.75 4.31686 4.75736 5.32422 6 5.32422Z\" stroke=\"var(--icon-base)\" stroke-linecap=\"round\" stroke-linejoin=\"round\"\/>\n<\/svg>\n<\/span><input name='input_11' id='input_4_11' type='text' value='' class='large'     aria-required=\"true\" aria-invalid=\"false\"   \/><\/div><\/div><div id=\"field_4_14\" class=\"gfield gfield--type-email gfield--input-type-email gfield--width-full gfield_contains_required field_sublabel_below gfield--no-description field_description_below field_validation_below gfield_visibility_visible\"  ><label class='gfield_label gform-field-label' for='input_4_14'>indirizzo e-mail<span class=\"gfield_required\"><span class=\"gfield_required gfield_required_text\">(Required)<\/span><\/span><\/label><div class='ginput_container ginput_container_email'>\n                            <input name='input_14' id='input_4_14' type='email' value='' class='large'   placeholder='e-mail' aria-required=\"true\" aria-invalid=\"false\"  autocomplete=\"email\"\/>\n                        <\/div><\/div><div id=\"field_4_13\" class=\"gfield gfield--type-text gfield--input-type-text gfield--width-full field_sublabel_below gfield--no-description field_description_below field_validation_below gfield_visibility_hidden\"  ><div class=\"admin-hidden-markup\"><i class=\"gform-icon gform-icon--hidden\" aria-hidden=\"true\" title=\"This field is hidden when viewing the form\"><\/i><span>This field is hidden when viewing the form<\/span><\/div><label class='gfield_label gform-field-label' for='input_4_13'>Lista nera<\/label><div class='ginput_container ginput_container_text'><input name='input_13' id='input_4_13' type='text' value='false' class='large'      aria-invalid=\"false\"   \/><\/div><\/div><div id=\"field_4_12\" class=\"gfield gfield--type-captcha gfield--input-type-captcha field_sublabel_below gfield--no-description field_description_below hidden_label field_validation_below gfield_visibility_visible\"  ><label class='gfield_label gform-field-label' for='input_4_12'>CAPTCHA<\/label><div id='input_4_12' class='ginput_container ginput_recaptcha' data-sitekey='6LenZgMsAAAAAChJMHotZz2bicpE6-QEm9qj6pft'  data-theme='light' data-tabindex='-1' data-size='invisible' data-badge='bottomright'><\/div><\/div><\/div><\/div>\n        <div class='gform-footer gform_footer top_label'> <div class=\"gform-button-container\"><input type='submit' id='gform_submit_button_4' class='gform_button button' onclick='gform.submission.handleButtonClick(this);' data-submission-type='submit' value='Iscriviti ora'  \/><svg width=\"15\" height=\"16\" viewBox=\"0 0 15 16\" fill=\"none\" xmlns=\"http:\/\/www.w3.org\/2000\/svg\">\n<path d=\"M0.5 7.57422H14.5M14.5 7.57422L7.5 0.574219M14.5 7.57422L7.5 14.5742\" stroke=\"var(--icon-base)\" stroke-linecap=\"round\" stroke-linejoin=\"round\"\/>\n<\/svg>\n<\/div> <input type='hidden' name='gform_ajax' value='form_id=4&amp;title=&amp;description=&amp;tabindex=0&amp;theme=gravity-theme&amp;styles={&quot;inputPrimaryColor&quot;:&quot;#204ce5&quot;}&amp;hash=2f74283f25652eca1d6fd78ab75923e7' \/><input type='hidden' class='gform_hidden' name='gform_submission_speeds' value='{&quot;pages&quot;:[]}' \/>\n            <input type='hidden' class='gform_hidden' name='gform_submission_method' data-js='gform_submission_method_4' value='iframe' \/>\n            <input type='hidden' class='gform_hidden' name='gform_theme' data-js='gform_theme_4' id='gform_theme_4' value='gravity-theme' \/>\n            <input type='hidden' class='gform_hidden' name='gform_style_settings' data-js='gform_style_settings_4' id='gform_style_settings_4' value='{&quot;inputPrimaryColor&quot;:&quot;#204ce5&quot;}' \/>\n            <input type='hidden' class='gform_hidden' name='is_submit_4' value='1' \/>\n            <input type='hidden' class='gform_hidden' name='gform_submit' value='4' \/>\n            \n            <input type='hidden' class='gform_hidden' name='gform_currency' data-currency='EUR' value='pd84S4lW6XZmZBJ+CuSlcUXyMXrMHok0RitysEj+Om5BexGemq49YU1bJTXW8trGvOPd+4JdLanNqKUmJV4xOcNjbiHVPD1fxDjuxPcEx7tqlKY=' \/>\n            <input type='hidden' class='gform_hidden' name='gform_unique_id' value='' \/>\n            <input type='hidden' class='gform_hidden' name='state_4' value='WyJ7XCI2XCI6W1wiMWRlZTUxMTE2YTQ5MGU5ZmM5ZGE3NTY1ZjgzOTZiZjNcIixcIjhlNDAyMmQyMzQ1OGU3NzAxY2ExNjUzYzNjYWNkMWE4XCIsXCJhNGRkM2U0NDQ1MWUzMjRmYmM0ODI1ODgyOWZhYjJkN1wiXX0iLCJkY2RlMzVmMzJlYTA1ZWIxMzVlNmY5M2ZmZDQ3ZTM0NiJd' \/>\n            <input type='hidden' autocomplete='off' class='gform_hidden' name='gform_target_page_number_4' id='gform_target_page_number_4' value='0' \/>\n            <input type='hidden' autocomplete='off' class='gform_hidden' name='gform_source_page_number_4' id='gform_source_page_number_4' value='1' \/>\n            <input type='hidden' name='gform_field_values' value='' \/>\n            \n        <\/div>\n                        <\/form>\n                        <\/div>\n\t\t                <iframe style='display:none;width:0px;height:0px;' src='about:blank' name='gform_ajax_frame_4' id='gform_ajax_frame_4' title='This iframe contains the logic required to handle Ajax powered Gravity Forms.'><\/iframe>\n\t\t                <script>\ngform.initializeOnLoaded( function() {gformInitSpinner( 4, 'https:\/\/www.ginesta.ch\/wp-content\/plugins\/gravityforms\/images\/spinner.svg', true );jQuery('#gform_ajax_frame_4').on('load',function(){var contents = jQuery(this).contents().find('*').html();var is_postback = contents.indexOf('GF_AJAX_POSTBACK') >= 0;if(!is_postback){return;}var form_content = jQuery(this).contents().find('#gform_wrapper_4');var is_confirmation = jQuery(this).contents().find('#gform_confirmation_wrapper_4').length > 0;var is_redirect = contents.indexOf('gformRedirect(){') >= 0;var is_form = form_content.length > 0 && ! is_redirect && ! is_confirmation;var mt = parseInt(jQuery('html').css('margin-top'), 10) + parseInt(jQuery('body').css('margin-top'), 10) + 100;if(is_form){jQuery('#gform_wrapper_4').html(form_content.html());if(form_content.hasClass('gform_validation_error')){jQuery('#gform_wrapper_4').addClass('gform_validation_error');} else {jQuery('#gform_wrapper_4').removeClass('gform_validation_error');}setTimeout( function() { \/* delay the scroll by 50 milliseconds to fix a bug in chrome *\/ jQuery(document).scrollTop(jQuery('#gform_wrapper_4').offset().top - mt); }, 50 );if(window['gformInitDatepicker']) {gformInitDatepicker();}if(window['gformInitPriceFields']) {gformInitPriceFields();}var current_page = jQuery('#gform_source_page_number_4').val();gformInitSpinner( 4, 'https:\/\/www.ginesta.ch\/wp-content\/plugins\/gravityforms\/images\/spinner.svg', true );jQuery(document).trigger('gform_page_loaded', [4, current_page]);window['gf_submitting_4'] = false;}else if(!is_redirect){var confirmation_content = jQuery(this).contents().find('.GF_AJAX_POSTBACK').html();if(!confirmation_content){confirmation_content = contents;}jQuery('#gform_wrapper_4').replaceWith(confirmation_content);jQuery(document).scrollTop(jQuery('#gf_4').offset().top - mt);jQuery(document).trigger('gform_confirmation_loaded', [4]);window['gf_submitting_4'] = false;wp.a11y.speak(jQuery('#gform_confirmation_message_4').text());}else{jQuery('#gform_4').append(contents);if(window['gformRedirect']) {gformRedirect();}}jQuery(document).trigger(\"gform_pre_post_render\", [{ formId: \"4\", currentPage: \"current_page\", abort: function() { this.preventDefault(); } }]);        if (event && event.defaultPrevented) {                return;        }        const gformWrapperDiv = document.getElementById( \"gform_wrapper_4\" );        if ( gformWrapperDiv ) {            const visibilitySpan = document.createElement( \"span\" );            visibilitySpan.id = \"gform_visibility_test_4\";            gformWrapperDiv.insertAdjacentElement( \"afterend\", visibilitySpan );        }        const visibilityTestDiv = document.getElementById( \"gform_visibility_test_4\" );        let postRenderFired = false;        function triggerPostRender() {            if ( postRenderFired ) {                return;            }            postRenderFired = true;            gform.core.triggerPostRenderEvents( 4, current_page );            if ( visibilityTestDiv ) {                visibilityTestDiv.parentNode.removeChild( visibilityTestDiv );            }        }        function debounce( func, wait, immediate ) {            var timeout;            return function() {                var context = this, args = arguments;                var later = function() {                    timeout = null;                    if ( !immediate ) func.apply( context, args );                };                var callNow = immediate && !timeout;                clearTimeout( timeout );                timeout = setTimeout( later, wait );                if ( callNow ) func.apply( context, args );            };        }        const debouncedTriggerPostRender = debounce( function() {            triggerPostRender();        }, 200 );        if ( visibilityTestDiv && visibilityTestDiv.offsetParent === null ) {            const observer = new MutationObserver( ( mutations ) => {                mutations.forEach( ( mutation ) => {                    if ( mutation.type === 'attributes' && visibilityTestDiv.offsetParent !== null ) {                        debouncedTriggerPostRender();                        observer.disconnect();                    }                });            });            observer.observe( document.body, {                attributes: true,                childList: false,                subtree: true,                attributeFilter: [ 'style', 'class' ],            });        } else {            triggerPostRender();        }    } );} );\n<\/script>\n\n\n        <\/div>\n    <\/div>\n<\/div>\n<\/div>\n","protected":false},"excerpt":{"rendered":"<p>Reti: le nostre connessioni per il valore aggiunto e la qualit\u00e0 Knight Frank \u00e8 una delle pi\u00f9 rinomate societ\u00e0 immobiliari internazionali. Questo legame ci d\u00e0 accesso ad analisi di mercato globali, approfondimenti rilevanti e una rete di clienti mondiale. Questo ci permette di posizionare in modo ottimale immobili svizzeri di alta qualit\u00e0 a livello internazionale &hellip; <a href=\"https:\/\/www.ginesta.ch\/it-ch\/lazienda\/reti\/\">Leggi tutto<\/a><\/p>\n","protected":false},"author":22,"featured_media":0,"parent":15681,"menu_order":0,"comment_status":"closed","ping_status":"closed","template":"","meta":{"_acf_changed":false,"footnotes":""},"class_list":["post-112351","page","type-page","status-publish","hentry"],"acf":[],"featured_image_data":null,"featured_image_url":false,"_links":{"self":[{"href":"https:\/\/www.ginesta.ch\/it-ch\/wp-json\/wp\/v2\/pages\/112351","targetHints":{"allow":["GET"]}}],"collection":[{"href":"https:\/\/www.ginesta.ch\/it-ch\/wp-json\/wp\/v2\/pages"}],"about":[{"href":"https:\/\/www.ginesta.ch\/it-ch\/wp-json\/wp\/v2\/types\/page"}],"author":[{"embeddable":true,"href":"https:\/\/www.ginesta.ch\/it-ch\/wp-json\/wp\/v2\/users\/22"}],"replies":[{"embeddable":true,"href":"https:\/\/www.ginesta.ch\/it-ch\/wp-json\/wp\/v2\/comments?post=112351"}],"version-history":[{"count":1,"href":"https:\/\/www.ginesta.ch\/it-ch\/wp-json\/wp\/v2\/pages\/112351\/revisions"}],"predecessor-version":[{"id":112352,"href":"https:\/\/www.ginesta.ch\/it-ch\/wp-json\/wp\/v2\/pages\/112351\/revisions\/112352"}],"up":[{"embeddable":true,"href":"https:\/\/www.ginesta.ch\/it-ch\/wp-json\/wp\/v2\/pages\/15681"}],"wp:attachment":[{"href":"https:\/\/www.ginesta.ch\/it-ch\/wp-json\/wp\/v2\/media?parent=112351"}],"curies":[{"name":"wp","href":"https:\/\/api.w.org\/{rel}","templated":true}]}}