{"id":112316,"date":"2025-11-19T13:49:42","date_gmt":"2025-11-19T12:49:42","guid":{"rendered":"https:\/\/www.ginesta.ch\/comprare-casa-sul-lago-di-zurigo-come-realizzare-la-tua-residenza-sul-lago-con-ginesta\/"},"modified":"2026-01-15T15:48:27","modified_gmt":"2026-01-15T14:48:27","slug":"comprare-casa-sul-lago-di-zurigo-come-realizzare-la-tua-residenza-sul-lago-con-ginesta","status":"publish","type":"page","link":"https:\/\/www.ginesta.ch\/it-ch\/comprare-casa-sul-lago-di-zurigo-come-realizzare-la-tua-residenza-sul-lago-con-ginesta\/","title":{"rendered":"Comprare casa sul lago di Zurigo: Come realizzare la tua residenza sul lago con Ginesta"},"content":{"rendered":"<div class=\"dhsv-breadcrumb-block alignwide\">\n            <nav aria-label=\"breadcrumbs\" class=\"rank-math-breadcrumb\"><p><span class=\"last\">Home page<\/span><\/p><\/nav>\n    <\/div>\n\n<h1 class=\"wp-block-heading alignwide\">Comprare casa sul lago di Zurigo: Come realizzare la tua residenza sul lago con Ginesta<\/h1>\n\n<div style=\"height:var(--wp--preset--spacing--medium)\" aria-hidden=\"true\" class=\"wp-block-spacer\"><\/div>\n\n<div class=\"wp-block-group alignfull is-style-without-space has-light-gray-gradient-background has-background is-offset-negative is-layout-constrained wp-block-group-is-layout-constrained\" style=\"--_group-offset:-3.5rem\"><div class=\"dhsv-heroimage-with-content-block alignwide\">\n            <div class=\"bg-image\">\n            <img decoding=\"async\" src=\"https:\/\/www.ginesta.ch\/wp-content\/uploads\/DJI_0081-scaled.jpg\" alt=\"Luftaufnahme einer malerischen Landschaft mit gr\u00fcnen Feldern und einem Fluss in der Mitte.\" title=\"\">\n        <\/div>\n        <div class=\"is-root-container\">\n        <div class=\"contentbox\">\n            \n        <\/div>\n    <\/div>\n            <div class=\"storer-bubble\">\n                            <span>Clicca qui per conoscere le offerte attuali<\/span>\n                    <\/div>\n    <\/div>\n<\/div>\n<div class=\"dhsv-sticky-contact-section-block alignwide\">\n    \n\n<div class=\"wp-block-group alignfull is-layout-flow wp-block-group-is-layout-flow\">\n<h2 class=\"wp-block-heading\">Perch\u00e9 acquistare una casa sul lago di Zurigo \u00e8 una decisione sensata a lungo termine<\/h2>\n\n\n\n<hr class=\"wp-block-separator has-alpha-channel-opacity\"\/>\n\n\n\n<div class=\"wp-block-group is-layout-constrained wp-block-group-is-layout-constrained\">\n<div class=\"wp-block-group is-layout-constrained wp-block-group-is-layout-constrained\">\n<p>Acquistare una casa sul Lago di Zurigo significa investire in una delle localit\u00e0 residenziali pi\u00f9 ambite della Svizzera, con un&#8217;<strong>elevata qualit\u00e0 di vita<\/strong>, spazi abitativi generosi, <strong>prospettive di valore stabili<\/strong> e infrastrutture eccellenti. La <strong>combinazione di lago, vicinanza urbana, natura e rilevanza economica<\/strong>ha <strong>reso i<\/strong>terreni e le propriet\u00e0 residenziali sul Lago di Zurigo particolarmente ricercati da anni. Ginesta Immobilien \u00e8 un&#8217;<strong>azienda immobiliare leader in Svizzera<\/strong>,  <\/p>\n\n\n\n<p>Ginesta Immobilien \u00e8 una delle principali societ\u00e0 immobiliari della Svizzera. L&#8217;azienda a conduzione familiare si concentra sulla vendita, la gestione, la locazione, la valutazione, la gestione e la consulenza di immobili residenziali e di investimento.<br\/>Il portafoglio comprende case unifamiliari, condomini, appartamenti occupati dai proprietari e in affitto, propriet\u00e0 per le vacanze e la commercializzazione e l&#8217;assistenza di progetti di nuova costruzione.<br\/>Ginesta vanta un&#8217;esperienza pluriennale a Zurigo, sullo Z\u00fcrichberg, intorno al Lago di Zurigo, a Winterthur e nei Grigioni. <\/p>\n\n\n\n<p>Apprezziamo l&#8217;<strong>edilizia contemporanea e sostenibile<\/strong>, l&#8217;architettura innovativa e la consulenza personalizzata per acquirenti, investitori e affittuari e supportiamo i potenziali acquirenti nell&#8217;acquisto di una casa e nella scelta dell&#8217;immobile giusto. Grazie alle competenze regionali, a un team esperto e alla commercializzazione di progetti di prima classe, Ginesta Immobilien offre <strong>soluzioni personalizzate<\/strong> per i suoi clienti. <br\/><\/p>\n<\/div>\n<\/div>\n<\/div>\n\n\n\n<div class=\"wp-block-group alignwide is-layout-flow wp-block-group-is-layout-flow\">\n<div class=\"wp-block-group is-layout-constrained wp-block-group-is-layout-constrained\">\n<div class=\"wp-block-group is-layout-constrained wp-block-group-is-layout-constrained\">\n<h2 class=\"wp-block-heading\">I passi pi\u00f9 importanti da compiere se vuoi acquistare una casa sul Lago di Zurigo<\/h2>\n\n\n\n<p><\/p>\n\n\n\n<h3 class=\"wp-block-heading has-h-4-font-size\">1. definisci con precisione le tue esigenze, la tua posizione e il tuo budget<\/h3>\n\n\n\n<p>Prima di controllare oggetti specifici, \u00e8 bene che siano chiari i seguenti punti:<\/p>\n\n\n\n<ul class=\"wp-block-list\">\n<li>Posizione preferita: comunit\u00e0 centrali in riva al lago o localit\u00e0 pi\u00f9 tranquille con maggiore privacy<\/li>\n\n\n\n<li>Tipo di utilizzo: Residenza principale, seconda casa o investimento immobiliare<\/li>\n\n\n\n<li>Tipo di immobile: casa indipendente, progetto di nuova costruzione, casa in un moderno contesto condominiale<\/li>\n\n\n\n<li><strong>Budget<\/strong> comprensivo dei costi di acquisto accessori e di eventuali conversioni<\/li>\n<\/ul>\n\n\n\n<h3 class=\"wp-block-heading has-h-4-font-size\">2. conoscenza del mercato e aspettative di prezzo realistiche<\/h3>\n\n\n\n<p>Il Lago di Zurigo \u00e8 una delle <strong>localit\u00e0 residenziali pi\u00f9 costose e stabili<\/strong> della Svizzera. Un&#8217;analisi di mercato ben fondata aiuta a riconoscere fasce di prezzo realistiche e a classificare correttamente il valore di una casa. Prendi in considerazione le valutazioni professionali:  <\/p>\n\n\n\n<ul class=\"wp-block-list\">\n<li>Qualit\u00e0 dell&#8217;ubicazione (vista sul lago, accesso al lago, collegamenti con i trasporti pubblici, infrastrutture)<\/li>\n\n\n\n<li>Anno di costruzione, condizione, standard energetico e livello di allestimento<\/li>\n\n\n\n<li>Concetto di spazio, aree esterne e potenziale di espansione, in particolare l&#8217;area del lotto disponibile<\/li>\n<\/ul>\n\n\n\n<h3 class=\"wp-block-heading has-h-4-font-size\">3. verificare le condizioni legali e di pianificazione<\/h3>\n\n\n\n<p>Chiunque voglia acquistare una casa sul Lago di Zurigo dovrebbe prestare particolare attenzione ai seguenti punti:<\/p>\n\n\n\n<ul class=\"wp-block-list\">\n<li> <strong>Estratto del registro fondiario e struttura della propriet\u00e0<\/strong> &#8211; Eventuali servit\u00f9 e diritti di passaggio<\/li>\n\n\n\n<li>  Regolamenti edilizi e dati di utilizzo nel comune  <\/li>\n\n\n\n<li>Situazione di autorizzazione per conversioni o estensioni pianificate Documenti trasparenti e condizioni quadro chiare riducono i rischi e creano le basi per decisioni fondate.<\/li>\n<\/ul>\n<\/div>\n\n\n\n<div style=\"height:var(--wp--preset--spacing--medium)\" aria-hidden=\"true\" class=\"wp-block-spacer\"><\/div>\n<\/div>\n\n\n\n<div class=\"wp-block-group is-layout-constrained wp-block-group-is-layout-constrained\">\n<div class=\"wp-block-group is-layout-constrained wp-block-group-is-layout-constrained\">\n<h2 class=\"wp-block-heading\">Nuova costruzione, propriet\u00e0 esistente o casa unifamiliare come investimento: quale opzione ti conviene?<\/h2>\n\n\n\n<h3 class=\"wp-block-heading has-h-4-font-size\">Nuovi progetti di costruzione sul Lago di Zurigo<\/h3>\n\n\n\n<p>Le nuove costruzioni contemporanee sul Lago di Zurigo combinano architettura moderna, planimetrie ben studiate e spesso un elevato standard energetico. Chi desidera acquistare una casa sul Lago di Zurigo e apprezza l&#8217;<strong>edilizia sostenibile<\/strong> e le tecniche costruttive pi\u00f9 avanzate trover\u00e0 nei progetti di nuova costruzione una soluzione orientata al futuro. <\/p>\n\n\n\n<div class=\"wp-block-columns is-layout-flex wp-container-core-columns-is-layout-9d6595d7 wp-block-columns-is-layout-flex\">\n<div class=\"wp-block-column is-layout-flow wp-block-column-is-layout-flow\">\n<h3 class=\"wp-block-heading has-h-4-font-size\">Propriet\u00e0 esistenti con carattere<\/h3>\n\n\n\n<p>Le case esistenti sono spesso situate qui:<\/p>\n\n\n\n<ul class=\"wp-block-list\">\n<li>  Nei <strong>quartieri consolidati<\/strong> e nei quartieri consolidati &#8211; planimetrie individuali e dettagli architettonici speciali<\/li>\n\n\n\n<li>  Una valutazione professionale ti permette di valutare realisticamente i requisiti di ristrutturazione e i volumi di investimento.<\/li>\n<\/ul>\n<\/div>\n\n\n\n<div class=\"wp-block-column is-layout-flow wp-block-column-is-layout-flow\">\n<h3 class=\"wp-block-heading has-h-4-font-size\">Casa come investimento immobiliare<\/h3>\n\n\n\n<p>Acquistare una casa sul Lago di Zurigo pu\u00f2 anche essere una <strong>decisione strategica di investimento<\/strong>. L&#8217;elevata domanda di spazi abitativi in luoghi attraenti, unita alla limitata disponibilit\u00e0 di terreni edificabili e residenziali, porta a prospettive stabili a lungo termine. I fattori decisivi sono:  <\/p>\n\n\n\n<ul class=\"wp-block-list\">\n<li>Affittabilit\u00e0 a lungo termine<\/li>\n\n\n\n<li>Qualit\u00e0 della posizione e micro-localizzazione nel quartiere<\/li>\n\n\n\n<li>Costi di sostituzione e manutenzione<\/li>\n<\/ul>\n<\/div>\n<\/div>\n<\/div>\n\n\n\n<div style=\"height:var(--wp--preset--spacing--small)\" aria-hidden=\"true\" class=\"wp-block-spacer\"><\/div>\n<\/div>\n\n\n\n<div class=\"wp-block-group is-layout-constrained wp-block-group-is-layout-constrained\">\n<div class=\"wp-block-group is-layout-constrained wp-block-group-is-layout-constrained\">\n<h2 class=\"wp-block-heading\">Perch\u00e9 la posizione idilliaca sul lago di Zurigo \u00e8 fondamentale<\/h2>\n\n\n\n<p>Il mercato immobiliare intorno al Lago di Zurigo \u00e8 caratterizzato da micro-locazioni: Poche strade possono cambiare significativamente i livelli di prezzo, la domanda e le possibilit\u00e0 di utilizzo. La competenza regionale garantisce che: <\/p>\n\n\n\n<ul class=\"wp-block-list\">\n<li>le posizioni possono essere valutate in modo realistico<\/li>\n\n\n\n<li>Riconoscere le opportunit\u00e0 dei quartieri emergenti<\/li>\n\n\n\n<li>Le particolarit\u00e0 comunali (regolamenti, cultura edilizia, infrastrutture) sono prese in considerazione nella decisione.<\/li>\n<\/ul>\n\n\n\n<p>Ginesta Immobilien combina questa conoscenza del mercato locale con un team di esperti che fornisce un&#8217;assistenza personalizzata ad acquirenti, investitori e locatari &#8211; in particolare nel cantone di Zurigo &#8211; dall&#8217;idea iniziale alla firma del contratto e oltre.<\/p>\n<\/div>\n\n\n\n<div style=\"height:var(--wp--preset--spacing--small)\" aria-hidden=\"true\" class=\"wp-block-spacer\"><\/div>\n<\/div>\n\n\n\n<div class=\"wp-block-group is-layout-constrained wp-block-group-is-layout-constrained\">\n<div class=\"wp-block-group is-layout-constrained wp-block-group-is-layout-constrained\">\n<h2 class=\"wp-block-heading\">Consulenza personalizzata: posizione centrale<\/h2>\n\n\n\n<p>Chiunque voglia acquistare una casa sul Lago di Zurigo potr\u00e0 beneficiare di una <strong>consulenza personalizzata in base ai propri obiettivi<\/strong>. Questo include, tra le altre cose: <\/p>\n\n\n\n<ul class=\"wp-block-list\">\n<li>Analizza i tuoi obiettivi abitativi e di investimento<\/li>\n\n\n\n<li>Accesso a propriet\u00e0 e progetti accuratamente selezionati, in posizione centrale<\/li>\n\n\n\n<li>Supporto durante le ispezioni e durante la revisione tecnica e legale<\/li>\n<\/ul>\n\n\n\n<p>Supporto nelle trattative e nella stesura dei contratti Ginesta Immobilien pone l&#8217;accento su una comunicazione chiara e trasparente e su soluzioni che siano convincenti sia dal punto di vista emotivo che economico.<\/p>\n<\/div>\n\n\n\n<div style=\"height:var(--wp--preset--spacing--small)\" aria-hidden=\"true\" class=\"wp-block-spacer\"><\/div>\n<\/div>\n\n\n\n<div class=\"wp-block-group is-layout-flow wp-block-group-is-layout-flow\">\n<h2 class=\"wp-block-heading\">Domande frequenti sull&#8217;acquisto di una casa sul Lago di Zurigo<\/h2>\n\n\n<div class=\"dhsv-akkordeon \" data-props=\"{\n    &quot;align&quot;: &quot;wide&quot;,\n    &quot;selected&quot;: -1,\n    &quot;hasAllOpenButton&quot;: false,\n    &quot;background&quot;: &quot;&quot;,\n    &quot;onlyOne&quot;: false,\n    &quot;openFirstItem&quot;: false,\n    &quot;isNonExpanding&quot;: false,\n    &quot;fontSize&quot;: &quot;h4&quot;\n}\">\n        <div class=\"dhsv-akkordeon--inner  font-size-h4\">\n       <div>\n           \n<div class=\"dhsv-akkordeon--item\" aria-expanded=\"false\">\n    <button class=\"item-header\">\n        <div class=\"icon-title\">\n                        <p>Quali preparativi devo fare prima di acquistare una casa sul Lago di Zurigo?<\/p>\n        <\/div>\n        <div class=\"akkordeon-arrow\">\n            <svg class=\"dhsv-icon\" width=\"11\" height=\"20\" viewBox=\"0 0 11 20\" fill=\"none\" xmlns=\"http:\/\/www.w3.org\/2000\/svg\">\n<g id=\"Arrow default\">\n<path id=\"Vector 7\" d=\"M1 1L9.81633 9.62041L1 18.6327\" stroke=\"var(--icon-base, #575757)\" stroke-width=\"1.25\" stroke-linecap=\"round\" stroke-linejoin=\"round\"\/>\n<\/g>\n<\/svg>        <\/div>\n    <\/button>\n    <div class=\"dhsv-akkordeon--item__body without-icon\" style=\"height: 0\">\n        <div>\n            \n\n<div class=\"wp-block-group is-layout-constrained wp-block-group-is-layout-constrained\">\n<p>Chiarisci il tuo budget, comprese le riserve, definisci la posizione e i requisiti di qualit\u00e0, richiedi una consulenza in una fase iniziale, se necessario, e assicurati un impegno di finanziamento prima di presentare offerte di acquisto concrete.<\/p>\n<\/div>\n\n\n        <\/div>\n    <\/div>\n<\/div>\n\n\n<div class=\"dhsv-akkordeon--item\" aria-expanded=\"false\">\n    <button class=\"item-header\">\n        <div class=\"icon-title\">\n                        <p>A cosa devo prestare particolare attenzione quando visito una casa sul Lago di Zurigo?<\/p>\n        <\/div>\n        <div class=\"akkordeon-arrow\">\n            <svg class=\"dhsv-icon\" width=\"11\" height=\"20\" viewBox=\"0 0 11 20\" fill=\"none\" xmlns=\"http:\/\/www.w3.org\/2000\/svg\">\n<g id=\"Arrow default\">\n<path id=\"Vector 7\" d=\"M1 1L9.81633 9.62041L1 18.6327\" stroke=\"var(--icon-base, #575757)\" stroke-width=\"1.25\" stroke-linecap=\"round\" stroke-linejoin=\"round\"\/>\n<\/g>\n<\/svg>        <\/div>\n    <\/button>\n    <div class=\"dhsv-akkordeon--item__body without-icon\" style=\"height: 0\">\n        <div>\n            \n\n<div class=\"wp-block-group is-layout-constrained wp-block-group-is-layout-constrained\">\n<p>Presta attenzione alla struttura dell&#8217;edificio, agli impianti, agli standard energetici, alla rumorosit\u00e0, alla luce solare, alla privacy, ai parcheggi, alle immediate vicinanze e all&#8217;accessibilit\u00e0 delle infrastrutture centrali.<\/p>\n<\/div>\n\n\n        <\/div>\n    <\/div>\n<\/div>\n\n\n<div class=\"dhsv-akkordeon--item\" aria-expanded=\"false\">\n    <button class=\"item-header\">\n        <div class=\"icon-title\">\n                        <p>L&#8217;acquisto di una casa sul lago di Zurigo \u00e8 adatto anche per investimenti a lungo termine?<\/p>\n        <\/div>\n        <div class=\"akkordeon-arrow\">\n            <svg class=\"dhsv-icon\" width=\"11\" height=\"20\" viewBox=\"0 0 11 20\" fill=\"none\" xmlns=\"http:\/\/www.w3.org\/2000\/svg\">\n<g id=\"Arrow default\">\n<path id=\"Vector 7\" d=\"M1 1L9.81633 9.62041L1 18.6327\" stroke=\"var(--icon-base, #575757)\" stroke-width=\"1.25\" stroke-linecap=\"round\" stroke-linejoin=\"round\"\/>\n<\/g>\n<\/svg>        <\/div>\n    <\/button>\n    <div class=\"dhsv-akkordeon--item__body without-icon\" style=\"height: 0\">\n        <div>\n            \n\n<div class=\"wp-block-group is-layout-constrained wp-block-group-is-layout-constrained\">\n<p>S\u00ec, grazie alla forte domanda, alla limitata disponibilit\u00e0 di spazio abitativo e all&#8217;alta qualit\u00e0 della posizione, l&#8217;acquisto di una casa sul Lago di Zurigo \u00e8 in molti casi adatto come investimento a lungo termine, a condizione che la posizione, le condizioni e il concetto di utilizzo siano esaminati attentamente.<\/p>\n<\/div>\n\n\n        <\/div>\n    <\/div>\n<\/div>\n\n\n<div class=\"dhsv-akkordeon--item\" aria-expanded=\"false\">\n    <button class=\"item-header\">\n        <div class=\"icon-title\">\n                        <p>Quanto \u00e8 importante una valutazione professionale prima dell&#8217;acquisto?<\/p>\n        <\/div>\n        <div class=\"akkordeon-arrow\">\n            <svg class=\"dhsv-icon\" width=\"11\" height=\"20\" viewBox=\"0 0 11 20\" fill=\"none\" xmlns=\"http:\/\/www.w3.org\/2000\/svg\">\n<g id=\"Arrow default\">\n<path id=\"Vector 7\" d=\"M1 1L9.81633 9.62041L1 18.6327\" stroke=\"var(--icon-base, #575757)\" stroke-width=\"1.25\" stroke-linecap=\"round\" stroke-linejoin=\"round\"\/>\n<\/g>\n<\/svg>        <\/div>\n    <\/button>\n    <div class=\"dhsv-akkordeon--item__body without-icon\" style=\"height: 0\">\n        <div>\n            \n\n<div class=\"wp-block-group is-layout-constrained wp-block-group-is-layout-constrained\">\n<p>Una valutazione indipendente e fondata \u00e8 essenziale per valutare correttamente il prezzo, le condizioni, il potenziale e i rischi di un immobile e per ottenere una base affidabile per prendere una decisione di acquisto.<\/p>\n<\/div>\n\n\n        <\/div>\n    <\/div>\n<\/div>\n\n\n<div class=\"dhsv-akkordeon--item\" aria-expanded=\"false\">\n    <button class=\"item-header\">\n        <div class=\"icon-title\">\n                        <p>Qual \u00e8 il momento ideale per acquistare una casa sul Lago di Zurigo?<\/p>\n        <\/div>\n        <div class=\"akkordeon-arrow\">\n            <svg class=\"dhsv-icon\" width=\"11\" height=\"20\" viewBox=\"0 0 11 20\" fill=\"none\" xmlns=\"http:\/\/www.w3.org\/2000\/svg\">\n<g id=\"Arrow default\">\n<path id=\"Vector 7\" d=\"M1 1L9.81633 9.62041L1 18.6327\" stroke=\"var(--icon-base, #575757)\" stroke-width=\"1.25\" stroke-linecap=\"round\" stroke-linejoin=\"round\"\/>\n<\/g>\n<\/svg>        <\/div>\n    <\/button>\n    <div class=\"dhsv-akkordeon--item__body without-icon\" style=\"height: 0\">\n        <div>\n            \n\n<div class=\"wp-block-group is-layout-constrained wp-block-group-is-layout-constrained\">\n<p>Il momento ideale \u00e8 quello in cui la tua situazione finanziaria \u00e8 stabile, le tue esigenze sono chiaramente definite ed \u00e8 disponibile un immobile che corrisponde ai tuoi obiettivi a lungo termine in termini di posizione, qualit\u00e0 e rapporto qualit\u00e0-prezzo.<\/p>\n<\/div>\n\n\n        <\/div>\n    <\/div>\n<\/div>\n\n\n       <\/div>\n    <\/div>\n<\/div>\n<\/div>\n<\/div>\n\n\n    <div class=\"sticky-contact-section\">\n        <div class=\"contact-info\" data-contact-id=\"73853\">\n            <img decoding=\"async\" src=\"https:\/\/www.ginesta.ch\/wp-content\/uploads\/Portrait_Stefan_medium-300x200.jpg\" alt=\"Contact Image\" title=\"\">\n            <p class=\"name\">Stefan Schmid<\/p>\n            <p>Responsabile delle acquisizioni<\/p>\n\n                            <p class=\"contact-info-inner\">\n                                                                <a href=\"mailto:schmid@ginesta.ch\" class=\"email\">schmid@ginesta.ch<\/a>\n                                                                <a href=\"tel: 044 910 77 33 \/ 081 836 73 35\" class=\"phone\"> 044 910 77 33 \/ 081 836 73 35<\/a>\n                                    <\/p>\n                    <\/div>\n        <div class=\"contact-cta\">\n                            <button class=\"cta-item\" data-modal-trigger=\"70555\" data-modal-email=\"verkauf@ginesta.ch\">\n                    <span>Fissa subito un appuntamento<\/span>\n                    <svg class=\"dhsv-icon\" width=\"16\" height=\"16\" viewBox=\"0 0 16 16\" fill=\"none\" xmlns=\"http:\/\/www.w3.org\/2000\/svg\">\n  <path d=\"M1 8H15M15 8L8 1M15 8L8 15\" stroke=\"var(--icon-base, #0096AA)\" stroke-linecap=\"round\" stroke-linejoin=\"round\"\/>\n<\/svg>                <\/button>\n                                                            <\/div>\n    <\/div>\n<\/div>\n\n<div style=\"height:var(--wp--preset--spacing--small)\" aria-hidden=\"true\" class=\"wp-block-spacer\"><\/div>\n\n<div class=\"wp-block-group alignwide is-style- is-layout-constrained wp-block-group-is-layout-constrained\">\n<h2 class=\"wp-block-heading\">Propriet\u00e0 attuali in vendita sul Lago di Zurigo<\/h2>\n\n\n<div class=\"alignwide dhsv-object-block-wrapper \">\n    <div data-component=\"ObjectFilterBlock\" data-props=\"{&quot;filter&quot;:{&quot;regionaler_zusatz&quot;:[&quot;openGeoDb_Region_78522&quot;,&quot;openGeoDb_Region_78521&quot;,&quot;indMulti4604Select20787&quot;]},&quot;align&quot;:&quot;wide&quot;,&quot;title&quot;:&quot;&quot;,&quot;hideHeader&quot;:false,&quot;smallFilter&quot;:false,&quot;hideFilter&quot;:false,&quot;isSlider&quot;:false,&quot;modalId&quot;:[],&quot;useUrlFilter&quot;:true,&quot;hideViewSwitch&quot;:false,&quot;hideSort&quot;:false,&quot;showTeaser&quot;:false,&quot;teaserTitle&quot;:&quot;&quot;,&quot;teaserText&quot;:&quot;&quot;,&quot;teaserLink&quot;:&quot;&quot;,&quot;teaserLinkLabel&quot;:&quot;&quot;,&quot;teaserPosition&quot;:4,&quot;teaserIcon&quot;:&quot;&quot;,&quot;showMap&quot;:true,&quot;estateBoxBackground&quot;:&quot;white&quot;,&quot;useSearchProfileLabel&quot;:false,&quot;hideVermarktungsartSwitch&quot;:false}\">\n       <div class=\"placeholder placeholder-filter\" style=\"padding-inline: 1rem;\">\n                            <div class=\"placeholder-filterbar\">\n                                            <div class=\"placeholder-filterbar-item\"><\/div>\n                                            <div class=\"placeholder-filterbar-item\"><\/div>\n                                            <div class=\"placeholder-filterbar-item\"><\/div>\n                                            <div class=\"placeholder-filterbar-item\"><\/div>\n                                            <div class=\"placeholder-filterbar-item\"><\/div>\n                                            <div class=\"placeholder-filterbar-item\"><\/div>\n                                    <\/div>\n                        <div class=\"placeholder-items\">\n                            <\/div>\n                    <\/div>    \n    <\/div>\n<\/div>\n\n<\/div>\n","protected":false},"excerpt":{"rendered":"<p>Comprare casa sul lago di Zurigo: Come realizzare la tua residenza sul lago con Ginesta Propriet\u00e0 attuali in vendita sul Lago di Zurigo<\/p>\n","protected":false},"author":22,"featured_media":71130,"parent":0,"menu_order":0,"comment_status":"closed","ping_status":"closed","template":"","meta":{"_acf_changed":false,"footnotes":""},"class_list":["post-112316","page","type-page","status-publish","has-post-thumbnail","hentry"],"acf":[],"featured_image_data":{"caption":"DCIM100MEDIADJI_0088.JPG","title":"DCIM100MEDIADJI_0088.JPG","url":"https:\/\/www.ginesta.ch\/wp-content\/uploads\/DJI_0088-1-scaled.jpg","width":2600,"height":1950,"srcset":"https:\/\/www.ginesta.ch\/wp-content\/uploads\/DJI_0088-1-768x576.jpg 768w, https:\/\/www.ginesta.ch\/wp-content\/uploads\/DJI_0088-1-1536x1152.jpg 1536w, https:\/\/www.ginesta.ch\/wp-content\/uploads\/DJI_0088-1-1600x1200.jpg 1600w, https:\/\/www.ginesta.ch\/wp-content\/uploads\/DJI_0088-1-2048x1536.jpg 2048w","sizes":"(max-width:768px) 768px, (max-width:1536px) 1536px, (max-width:1600px) 1600px, (max-width:2048px) 2048px","type":"image\/jpeg"},"featured_image_url":"https:\/\/www.ginesta.ch\/wp-content\/uploads\/DJI_0088-1-scaled.jpg","_links":{"self":[{"href":"https:\/\/www.ginesta.ch\/it-ch\/wp-json\/wp\/v2\/pages\/112316","targetHints":{"allow":["GET"]}}],"collection":[{"href":"https:\/\/www.ginesta.ch\/it-ch\/wp-json\/wp\/v2\/pages"}],"about":[{"href":"https:\/\/www.ginesta.ch\/it-ch\/wp-json\/wp\/v2\/types\/page"}],"author":[{"embeddable":true,"href":"https:\/\/www.ginesta.ch\/it-ch\/wp-json\/wp\/v2\/users\/22"}],"replies":[{"embeddable":true,"href":"https:\/\/www.ginesta.ch\/it-ch\/wp-json\/wp\/v2\/comments?post=112316"}],"version-history":[{"count":1,"href":"https:\/\/www.ginesta.ch\/it-ch\/wp-json\/wp\/v2\/pages\/112316\/revisions"}],"predecessor-version":[{"id":112317,"href":"https:\/\/www.ginesta.ch\/it-ch\/wp-json\/wp\/v2\/pages\/112316\/revisions\/112317"}],"wp:featuredmedia":[{"embeddable":true,"href":"https:\/\/www.ginesta.ch\/it-ch\/wp-json\/wp\/v2\/media\/71130"}],"wp:attachment":[{"href":"https:\/\/www.ginesta.ch\/it-ch\/wp-json\/wp\/v2\/media?parent=112316"}],"curies":[{"name":"wp","href":"https:\/\/api.w.org\/{rel}","templated":true}]}}