{"id":112287,"date":"2025-11-25T22:11:35","date_gmt":"2025-11-25T21:11:35","guid":{"rendered":"https:\/\/www.ginesta.ch\/il-tuo-agente-immobiliare-a-zurigo-per-vendite-valutazioni-e-valori-sostenibili\/"},"modified":"2026-01-15T15:46:04","modified_gmt":"2026-01-15T14:46:04","slug":"il-tuo-agente-immobiliare-a-zurigo-per-vendite-valutazioni-e-valori-sostenibili","status":"publish","type":"page","link":"https:\/\/www.ginesta.ch\/it-ch\/il-tuo-agente-immobiliare-a-zurigo-per-vendite-valutazioni-e-valori-sostenibili\/","title":{"rendered":"Il tuo agente immobiliare a Zurigo per vendite, valutazioni e valori sostenibili"},"content":{"rendered":"<div class=\"dhsv-breadcrumb-block alignwide\">\n            <nav aria-label=\"breadcrumbs\" class=\"rank-math-breadcrumb\"><p><span class=\"last\">Home page<\/span><\/p><\/nav>\n    <\/div>\n\n<h1 class=\"wp-block-heading alignwide\">Il tuo agente immobiliare a Zurigo per vendite, valutazioni e valori sostenibili<\/h1>\n\n<div style=\"height:var(--wp--preset--spacing--medium)\" aria-hidden=\"true\" class=\"wp-block-spacer\"><\/div>\n\n<div class=\"wp-block-group alignfull is-style-without-space has-light-gray-gradient-background has-background is-offset-negative is-layout-constrained wp-block-group-is-layout-constrained\" style=\"--_group-offset:-3.5rem\"><div class=\"dhsv-heroimage-with-content-block alignwide\">\n            <div class=\"bg-image\">\n            <img decoding=\"async\" src=\"https:\/\/www.ginesta.ch\/wp-content\/uploads\/DJI_0081-scaled.jpg\" alt=\"Luftaufnahme einer malerischen Landschaft mit gr\u00fcnen Feldern und einem Fluss in der Mitte.\" title=\"\">\n        <\/div>\n        <div class=\"is-root-container\">\n        <div class=\"contentbox\">\n            \n        <\/div>\n    <\/div>\n            <div class=\"storer-bubble\">\n                            <a href=\"https:\/\/www.ginesta.ch\/it-ch\/offerte-di-proprieta\/oggetti-in-vendita\/?vertriebsstatus=ind_Schl_3323&amp;vermarktungsart=kauf&amp;withPrice=false&amp;regionaler_zusatz=openGeoDb_Region_158&amp;referenzobjekt=false\"\n                   target=\"_self\"\n                   rel=\"\"\n                   class=\"storer-bubble-link\">\n                    Clicca qui per conoscere le offerte attuali\n                <\/a>\n                    <\/div>\n    <\/div>\n<\/div>\n<div class=\"dhsv-sticky-contact-section-block alignwide\">\n    \n\n<div class=\"wp-block-group alignfull is-layout-flow wp-block-group-is-layout-flow\">\n<p>In qualit\u00e0 di <strong>agente immobiliare nella regione di Zurigo<\/strong> con molti anni di esperienza, lo sappiamo bene: Vendere un immobile nella regione di Zurigo \u00e8 molto pi\u00f9 di un semplice annuncio e di un appuntamento dal notaio: \u00e8 una decisione strategica per il tuo futuro finanziario; una strategia di vendita ben studiata ti supporta in ogni fase e ti aiuta a prendere una decisione sicura e mirata. La vendita del tuo immobile deve quindi essere ben preparata in modo che tu possa prendere una decisione sicura e mirata. Il nostro obiettivo \u00e8 quello di ottenere un risultato per il tuo immobile residenziale o da investimento che sia in linea con i tuoi piani di vita e che sfrutti appieno il valore della tua propriet\u00e0; a tal fine, agiamo in modo proattivo, riconosciamo le opportunit\u00e0 in una fase iniziale e progettiamo il processo di vendita in modo mirato.  <\/p>\n\n\n\n<h2 class=\"wp-block-heading\">Perch\u00e9 un agente immobiliare specializzato a Zurigo \u00e8 fondamentale<\/h2>\n\n\n\n<hr class=\"wp-block-separator has-alpha-channel-opacity\"\/>\n\n\n\n<div class=\"wp-block-group is-layout-constrained wp-block-group-is-layout-constrained\">\n<div class=\"wp-block-group is-layout-constrained wp-block-group-is-layout-constrained\">\n<p>Il mercato immobiliare dell&#8217;area di Zurigo, che fa parte del mercato immobiliare svizzero, \u00e8 dinamico, frammentato e fortemente differenziato in base all&#8217;ubicazione, alla micro-ubicazione e alla qualit\u00e0 dell&#8217;immobile; anche gli aspetti organizzativi come la consegna delle chiavi fanno parte del processo di vendita. Solo poche strade possono comportare differenze significative nei livelli di prezzo, nella domanda e nei profili degli acquirenti; un&#8217;attenta analisi di mercato aiuta a identificare queste differenze e a rivolgersi con maggiore precisione ai gruppi target. Il processo di vendita richiede quindi una combinazione di <strong>conoscenza del mercato<\/strong>, <strong>valutazioni<\/strong> accurate e <strong>marketing<\/strong> strategico.  <\/p>\n\n\n\n<p>Assistiamo venditori di case unifamiliari, appartamenti, condomini e case vacanza, nonch\u00e9 investitori in immobili residenziali e d&#8217;investimento, dal primo incontro di orientamento fino alla firma presso lo studio notarile.<\/p>\n<\/div>\n<\/div>\n<\/div>\n\n\n\n<div class=\"wp-block-group alignwide is-layout-flow wp-block-group-is-layout-flow\">\n<div class=\"wp-block-group is-layout-constrained wp-block-group-is-layout-constrained\">\n<div class=\"wp-block-group is-layout-constrained wp-block-group-is-layout-constrained\">\n<h2 class=\"wp-block-heading\">Vendita di immobili residenziali a Zurigo, sullo Z\u00fcrichberg e intorno al Lago di Zurigo<\/h2>\n\n\n\n<p>Nel settore degli immobili residenziali, non \u00e8 solo il prezzo a contare, ma soprattutto l&#8217;accuratezza dell&#8217;adattamento tra immobile e acquirente, che noi valutiamo con competenza. Le esigenze di una famiglia che cerca una casa indipendente nella periferia della citt\u00e0 sono molto diverse da quelle di una coppia che preferisce un condominio in una posizione centrale. <\/p>\n\n\n\n<h3 class=\"wp-block-heading\">Case unifamiliari e condomini &#8211; il tuo contatto per la consulenza e la vendita<\/h3>\n\n\n\n<p>Quando vendiamo case unifamiliari e condomini nell&#8217;area di Zurigo, analizziamo la posizione, le condizioni, gli standard di arredamento e il potenziale di sviluppo. Su questa base, \u00e8 possibile valutare a quali gruppi target rivolgersi e come scegliere il momento ottimale per la vendita, ad esempio in base alla domanda stagionale o all&#8217;andamento dei tassi di interesse. <\/p>\n\n\n\n<h3 class=\"wp-block-heading\">Condomini e portafogli residenziali: i nostri professionisti del settore immobiliare<\/h3>\n\n\n\n<p>I condomini e i complessi residenziali vengono venduti per motivi diversi rispetto agli immobili residenziali occupati dai proprietari. In questo caso, l&#8217;attenzione \u00e8 rivolta alla <strong>capacit\u00e0 di guadagno<\/strong> a lungo termine, ai requisiti di manutenzione e alle prospettive di sviluppo. Grazie alla nostra esperienza e alle nostre competenze in materia di investimenti immobiliari a Zurigo e Winterthur, siamo in grado di classificare i prezzi di mercato realistici e di presentare in modo comprensibile la situazione reddituale e il potenziale di un immobile.  <\/p>\n<\/div>\n\n\n\n<div style=\"height:var(--wp--preset--spacing--medium)\" aria-hidden=\"true\" class=\"wp-block-spacer\"><\/div>\n<\/div>\n\n\n\n<div class=\"wp-block-group is-layout-constrained wp-block-group-is-layout-constrained\">\n<div class=\"wp-block-group is-layout-constrained wp-block-group-is-layout-constrained\">\n<h2 class=\"wp-block-heading\">Competenze per investimenti immobiliari e progetti di nuova costruzione<\/h2>\n\n\n\n<p>Gli immobili residenziali e di investimento richiedono un approccio diverso rispetto agli immobili residenziali tradizionali. In questo caso sono determinanti dati come il rendimento netto, il tasso di sfitto o i prossimi investimenti per la manutenzione degli edifici. Nell&#8217;area di Zurigo, intorno al Lago di Zurigo e a Winterthur, esistono diversi <strong>profili di rendimento e di rischio<\/strong> a seconda della posizione, come sappiamo da molte transazioni e valutazioni.  <\/p>\n\n\n\n<h3 class=\"wp-block-heading\">Marketing professionale di progetti di nuova costruzione<\/h3>\n\n\n\n<p>Per i progetti di nuova costruzione, il lavoro inizia molto prima che venga posata la prima zolla di terra. I gruppi target, i concetti di planimetria e i prezzi devono adattarsi alla rispettiva posizione e situazione di mercato. Supportiamo gli sviluppatori e i proprietari dei progetti nell&#8217;incorporare questi fattori in una fase iniziale, al fine di aumentare l&#8217;<strong>accettazione del mercato<\/strong> e le <strong>opportunit\u00e0 di vendita<\/strong> del progetto in modo mirato.  <\/p>\n<\/div>\n\n\n\n<div style=\"height:var(--wp--preset--spacing--small)\" aria-hidden=\"true\" class=\"wp-block-spacer\"><\/div>\n<\/div>\n\n\n\n<div class=\"wp-block-group is-layout-constrained wp-block-group-is-layout-constrained\">\n<div class=\"wp-block-group is-layout-constrained wp-block-group-is-layout-constrained\">\n<h2 class=\"wp-block-heading\">Esclusivo: la valutazione della propriet\u00e0 e una base solida per prendere decisioni sulla tua propriet\u00e0<\/h2>\n\n\n\n<p>Una <strong>valutazione<\/strong> realistica <strong>dell&#8217;immobile<\/strong> \u00e8 alla base di una vendita di successo. Prezzi troppo alti prolungano il periodo di offerta e indeboliscono la posizione negoziale; prezzi troppo bassi portano a perdite evitabili. <\/p>\n\n\n\n<ul class=\"wp-block-list\">\n<li>Considerazione del <strong>mercato<\/strong> attuale <strong>e dei dati comparativi<\/strong><\/li>\n\n\n\n<li>Classificazione della posizione, delle attrezzature e delle caratteristiche qualitative dell&#8217;edificio<\/li>\n\n\n\n<li>Analisi del <strong>potenziale di sviluppo e di utilizzo<\/strong><\/li>\n<\/ul>\n\n\n\n<p>Questo approccio sistematico ti fornisce una valutazione comprensibile e preparata in modo esclusivo, sulla base della quale potrai valutare il tuo futuro percorso, che sia la vendita immediata, la detenzione o la pianificazione a medio termine.<\/p>\n<\/div>\n\n\n\n<div style=\"height:var(--wp--preset--spacing--small)\" aria-hidden=\"true\" class=\"wp-block-spacer\"><\/div>\n<\/div>\n\n\n\n<div class=\"wp-block-group is-layout-constrained wp-block-group-is-layout-constrained\">\n<div class=\"wp-block-group is-layout-constrained wp-block-group-is-layout-constrained\">\n<h2 class=\"wp-block-heading\">Presenza regionale attraverso le agenzie immobiliari di Zurigo, Winterthur e Grigioni<\/h2>\n\n\n\n<p>Come <strong>agenti immobiliari a Zurigo<\/strong>, siamo presenti nella citt\u00e0 di Zurigo, sullo Z\u00fcrichberg, intorno al Lago di Zurigo, a Winterthur e nei Grigioni. Questa presenza regionale e i nostri esperti locali ci aiutano a valutare realisticamente le condizioni locali, le normative edilizie, la struttura della domanda e l&#8217;andamento dei prezzi. <\/p>\n\n\n\n<p>Per le propriet\u00e0 per le vacanze o le seconde case nei Grigioni, in particolare, giocano un ruolo importante anche aspetti come l&#8217;utilizzo stagionale, l&#8217;attrattiva turistica e i requisiti normativi. Anche in questo caso, i proprietari beneficiano di un approccio differenziato e basato sulla localizzazione, con il supporto del nostro agente immobiliare. <\/p>\n<\/div>\n\n\n\n<div style=\"height:var(--wp--preset--spacing--small)\" aria-hidden=\"true\" class=\"wp-block-spacer\"><\/div>\n<\/div>\n\n\n\n<div class=\"wp-block-group is-layout-constrained wp-block-group-is-layout-constrained\">\n<div class=\"wp-block-group is-layout-constrained wp-block-group-is-layout-constrained\">\n<h2 class=\"wp-block-heading\">Informazioni generali per i locatori dell&#8217;area di Zurigo<\/h2>\n\n\n\n<p>Anche se la nostra attivit\u00e0 si concentra sulle vendite, i proprietari hanno spesso domande sulla locazione delle loro propriet\u00e0. Quando si affitta, \u00e8 sempre bene assicurarsi che gli inquilini siano selezionati con cura, che ci siano disposizioni contrattuali chiare e che la pianificazione della manutenzione sia orientata al lungo termine. <\/p>\n\n\n\n<ul class=\"wp-block-list\">\n<li>Stabilire gli affitti in linea con il mercato, tenendo conto dei requisiti legali.<\/li>\n\n\n\n<li>Struttura trasparente dei costi di servizio<\/li>\n\n\n\n<li>Documentazione comprensibile delle condizioni e della manutenzione<\/li>\n<\/ul>\n\n\n\n<p>Questi elementi fondamentali aiutano a garantire il reddito e il mantenimento del valore di un immobile nell&#8217;area di Zurigo nel lungo periodo.<\/p>\n<\/div>\n\n\n\n<div style=\"height:var(--wp--preset--spacing--small)\" aria-hidden=\"true\" class=\"wp-block-spacer\"><\/div>\n<\/div>\n\n\n\n<div class=\"wp-block-group is-layout-constrained wp-block-group-is-layout-constrained\">\n<div class=\"wp-block-group is-layout-constrained wp-block-group-is-layout-constrained\">\n<h2 class=\"wp-block-heading\">Il tuo prossimo passo con il tuo agente immobiliare<\/h2>\n\n\n\n<p>Che tu voglia vendere una casa indipendente sul lago di Zurigo, un condominio nella citt\u00e0 di Zurigo, un appartamento a Winterthur o una propriet\u00e0 per le vacanze nei Grigioni, una decisione ben preparata \u00e8 la base per un risultato convincente.<\/p>\n\n\n\n<p>Contattaci per una consulenza personalizzata e per organizzare una visita. Insieme chiariremo i tuoi obiettivi, analizzeremo la tua propriet\u00e0 e ti mostreremo quali opzioni sono realistiche e sensate nell&#8217;attuale contesto di mercato. <\/p>\n<\/div>\n\n\n\n<div style=\"height:var(--wp--preset--spacing--small)\" aria-hidden=\"true\" class=\"wp-block-spacer\"><\/div>\n<\/div>\n\n\n\n<div class=\"wp-block-group is-layout-flow wp-block-group-is-layout-flow\">\n<h2 class=\"wp-block-heading\">FAQ sull&#8217;agente immobiliare<\/h2>\n\n\n<div class=\"dhsv-akkordeon \" data-props=\"{\n    &quot;align&quot;: &quot;wide&quot;,\n    &quot;selected&quot;: -1,\n    &quot;hasAllOpenButton&quot;: false,\n    &quot;background&quot;: &quot;&quot;,\n    &quot;onlyOne&quot;: false,\n    &quot;openFirstItem&quot;: false,\n    &quot;isNonExpanding&quot;: false,\n    &quot;fontSize&quot;: &quot;h4&quot;\n}\">\n        <div class=\"dhsv-akkordeon--inner  font-size-h4\">\n       <div>\n           \n<div class=\"dhsv-akkordeon--item\" aria-expanded=\"false\">\n    <button class=\"item-header\">\n        <div class=\"icon-title\">\n                        <p>Quanto dura un processo di vendita tipico nell&#8217;area di Zurigo?<\/p>\n        <\/div>\n        <div class=\"akkordeon-arrow\">\n            <svg class=\"dhsv-icon\" width=\"11\" height=\"20\" viewBox=\"0 0 11 20\" fill=\"none\" xmlns=\"http:\/\/www.w3.org\/2000\/svg\">\n<g id=\"Arrow default\">\n<path id=\"Vector 7\" d=\"M1 1L9.81633 9.62041L1 18.6327\" stroke=\"var(--icon-base, #575757)\" stroke-width=\"1.25\" stroke-linecap=\"round\" stroke-linejoin=\"round\"\/>\n<\/g>\n<\/svg>        <\/div>\n    <\/button>\n    <div class=\"dhsv-akkordeon--item__body without-icon\" style=\"height: 0\">\n        <div>\n            \n\n<div class=\"wp-block-group is-layout-constrained wp-block-group-is-layout-constrained\">\n<p>La durata dipende dalla posizione, dalle condizioni, dal prezzo e dal tipo di immobile; con il supporto dei nostri professionisti immobiliari, spesso il processo pu\u00f2 essere accelerato. Nelle localit\u00e0 pi\u00f9 ambite, una vendita ben preparata pu\u00f2 essere completata in poche settimane, mentre le propriet\u00e0 pi\u00f9 complesse, come i grandi condomini o i complessi residenziali speciali, possono richiedere pi\u00f9 tempo. <\/p>\n<\/div>\n\n\n        <\/div>\n    <\/div>\n<\/div>\n\n\n<div class=\"dhsv-akkordeon--item\" aria-expanded=\"false\">\n    <button class=\"item-header\">\n        <div class=\"icon-title\">\n                        <p>Quando \u00e8 il momento giusto per vendere la mia propriet\u00e0 a Zurigo?<\/p>\n        <\/div>\n        <div class=\"akkordeon-arrow\">\n            <svg class=\"dhsv-icon\" width=\"11\" height=\"20\" viewBox=\"0 0 11 20\" fill=\"none\" xmlns=\"http:\/\/www.w3.org\/2000\/svg\">\n<g id=\"Arrow default\">\n<path id=\"Vector 7\" d=\"M1 1L9.81633 9.62041L1 18.6327\" stroke=\"var(--icon-base, #575757)\" stroke-width=\"1.25\" stroke-linecap=\"round\" stroke-linejoin=\"round\"\/>\n<\/g>\n<\/svg>        <\/div>\n    <\/button>\n    <div class=\"dhsv-akkordeon--item__body without-icon\" style=\"height: 0\">\n        <div>\n            \n\n<div class=\"wp-block-group is-layout-constrained wp-block-group-is-layout-constrained\">\n<p>Il momento giusto dipende dalla tua situazione personale, dall&#8217;attuale situazione di mercato, dal livello dei tassi di interesse e dalle condizioni dell&#8217;immobile. Spesso \u00e8 opportuno includere nelle tue considerazioni anche gli investimenti previsti, le ristrutturazioni o le imminenti modifiche normative. <\/p>\n<\/div>\n\n\n        <\/div>\n    <\/div>\n<\/div>\n\n\n<div class=\"dhsv-akkordeon--item\" aria-expanded=\"false\">\n    <button class=\"item-header\">\n        <div class=\"icon-title\">\n                        <p>Quali documenti devo avere pronti prima di una vendita?<\/p>\n        <\/div>\n        <div class=\"akkordeon-arrow\">\n            <svg class=\"dhsv-icon\" width=\"11\" height=\"20\" viewBox=\"0 0 11 20\" fill=\"none\" xmlns=\"http:\/\/www.w3.org\/2000\/svg\">\n<g id=\"Arrow default\">\n<path id=\"Vector 7\" d=\"M1 1L9.81633 9.62041L1 18.6327\" stroke=\"var(--icon-base, #575757)\" stroke-width=\"1.25\" stroke-linecap=\"round\" stroke-linejoin=\"round\"\/>\n<\/g>\n<\/svg>        <\/div>\n    <\/button>\n    <div class=\"dhsv-akkordeon--item__body without-icon\" style=\"height: 0\">\n        <div>\n            \n\n<div class=\"wp-block-group is-layout-constrained wp-block-group-is-layout-constrained\">\n<p>I documenti rilevanti di solito includono estratti del catasto, planimetrie, capitolati d&#8217;appalto, documenti energetici e di ristrutturazione, prove di lavori di ristrutturazione, contratti di affitto per le propriet\u00e0 a reddito e verbali delle assemblee condominiali per gli appartamenti occupati dai proprietari. Inoltre, riassumiamo questi documenti in una documentazione di vendita strutturata che fornisca ai potenziali acquirenti una base chiara per prendere una decisione e la integriamo con una presentazione professionale che metta in evidenza i punti di forza della tua propriet\u00e0. <\/p>\n<\/div>\n\n\n        <\/div>\n    <\/div>\n<\/div>\n\n\n<div class=\"dhsv-akkordeon--item\" aria-expanded=\"false\">\n    <button class=\"item-header\">\n        <div class=\"icon-title\">\n                        <p>Posso vendere un immobile con inquilini esistenti?<\/p>\n        <\/div>\n        <div class=\"akkordeon-arrow\">\n            <svg class=\"dhsv-icon\" width=\"11\" height=\"20\" viewBox=\"0 0 11 20\" fill=\"none\" xmlns=\"http:\/\/www.w3.org\/2000\/svg\">\n<g id=\"Arrow default\">\n<path id=\"Vector 7\" d=\"M1 1L9.81633 9.62041L1 18.6327\" stroke=\"var(--icon-base, #575757)\" stroke-width=\"1.25\" stroke-linecap=\"round\" stroke-linejoin=\"round\"\/>\n<\/g>\n<\/svg>        <\/div>\n    <\/button>\n    <div class=\"dhsv-akkordeon--item__body without-icon\" style=\"height: 0\">\n        <div>\n            \n\n<div class=\"wp-block-group is-layout-constrained wp-block-group-is-layout-constrained\">\n<p>S\u00ec, la vendita di immobili residenziali e d&#8217;investimento in affitto \u00e8 comune. In questo caso, i contratti di locazione, la situazione reddituale e il rischio di sfitto giocano un ruolo fondamentale nella valutazione dei potenziali acquirenti. <\/p>\n<\/div>\n\n\n        <\/div>\n    <\/div>\n<\/div>\n\n\n       <\/div>\n    <\/div>\n<\/div>\n<\/div>\n<\/div>\n\n\n    <div class=\"sticky-contact-section\">\n        <div class=\"contact-info\" data-contact-id=\"73853\">\n            <img decoding=\"async\" src=\"https:\/\/www.ginesta.ch\/wp-content\/uploads\/Stefan-Schmid-team-300x200.jpg\" alt=\"Contact Image\" title=\"\">\n            <p class=\"name\">Stefan Schmid<\/p>\n            <p>Responsabile delle acquisizioni<\/p>\n\n                            <p class=\"contact-info-inner\">\n                                                                <a href=\"mailto:schmid@ginesta.ch\" class=\"email\">schmid@ginesta.ch<\/a>\n                                                                <a href=\"tel: 044 910 77 33 \/ 081 836 73 35\" class=\"phone\"> 044 910 77 33 \/ 081 836 73 35<\/a>\n                                    <\/p>\n                    <\/div>\n        <div class=\"contact-cta\">\n                            <button class=\"cta-item\" data-modal-trigger=\"70555\" data-modal-email=\"verkauf@ginesta.ch\">\n                    <span>Fissa subito un appuntamento<\/span>\n                    <svg class=\"dhsv-icon\" width=\"16\" height=\"16\" viewBox=\"0 0 16 16\" fill=\"none\" xmlns=\"http:\/\/www.w3.org\/2000\/svg\">\n  <path d=\"M1 8H15M15 8L8 1M15 8L8 15\" stroke=\"var(--icon-base, #0096AA)\" stroke-linecap=\"round\" stroke-linejoin=\"round\"\/>\n<\/svg>                <\/button>\n                                                            <\/div>\n    <\/div>\n<\/div>\n\n<div style=\"height:var(--wp--preset--spacing--small)\" aria-hidden=\"true\" class=\"wp-block-spacer\"><\/div>\n\n<div class=\"wp-block-group alignwide is-style- is-layout-constrained wp-block-group-is-layout-constrained\">\n<h2 class=\"wp-block-heading\">Propriet\u00e0 attuali in vendita a Zurigo<\/h2>\n\n\n<div class=\"alignwide dhsv-object-block-wrapper \">\n    <div data-component=\"ObjectFilterBlock\" data-props=\"{&quot;filter&quot;:{&quot;regionaler_zusatz&quot;:[&quot;openGeoDb_Region_158&quot;]},&quot;align&quot;:&quot;wide&quot;,&quot;title&quot;:&quot;&quot;,&quot;hideHeader&quot;:false,&quot;smallFilter&quot;:false,&quot;hideFilter&quot;:false,&quot;isSlider&quot;:false,&quot;modalId&quot;:[],&quot;useUrlFilter&quot;:true,&quot;hideViewSwitch&quot;:false,&quot;hideSort&quot;:false,&quot;showTeaser&quot;:false,&quot;teaserTitle&quot;:&quot;&quot;,&quot;teaserText&quot;:&quot;&quot;,&quot;teaserLink&quot;:&quot;&quot;,&quot;teaserLinkLabel&quot;:&quot;&quot;,&quot;teaserPosition&quot;:4,&quot;teaserIcon&quot;:&quot;&quot;,&quot;showMap&quot;:true,&quot;estateBoxBackground&quot;:&quot;white&quot;,&quot;useSearchProfileLabel&quot;:false,&quot;hideVermarktungsartSwitch&quot;:false}\">\n       <div class=\"placeholder placeholder-filter\" style=\"padding-inline: 1rem;\">\n                            <div class=\"placeholder-filterbar\">\n                                            <div class=\"placeholder-filterbar-item\"><\/div>\n                                            <div class=\"placeholder-filterbar-item\"><\/div>\n                                            <div class=\"placeholder-filterbar-item\"><\/div>\n                                            <div class=\"placeholder-filterbar-item\"><\/div>\n                                            <div class=\"placeholder-filterbar-item\"><\/div>\n                                            <div class=\"placeholder-filterbar-item\"><\/div>\n                                    <\/div>\n                        <div class=\"placeholder-items\">\n                            <\/div>\n                    <\/div>    \n    <\/div>\n<\/div>\n\n<\/div>\n","protected":false},"excerpt":{"rendered":"<p>Il tuo agente immobiliare a Zurigo per vendite, valutazioni e valori sostenibili Propriet\u00e0 attuali in vendita a Zurigo<\/p>\n","protected":false},"author":3,"featured_media":0,"parent":0,"menu_order":0,"comment_status":"closed","ping_status":"closed","template":"","meta":{"_acf_changed":false,"footnotes":""},"class_list":["post-112287","page","type-page","status-publish","hentry"],"acf":[],"featured_image_data":null,"featured_image_url":false,"_links":{"self":[{"href":"https:\/\/www.ginesta.ch\/it-ch\/wp-json\/wp\/v2\/pages\/112287","targetHints":{"allow":["GET"]}}],"collection":[{"href":"https:\/\/www.ginesta.ch\/it-ch\/wp-json\/wp\/v2\/pages"}],"about":[{"href":"https:\/\/www.ginesta.ch\/it-ch\/wp-json\/wp\/v2\/types\/page"}],"author":[{"embeddable":true,"href":"https:\/\/www.ginesta.ch\/it-ch\/wp-json\/wp\/v2\/users\/3"}],"replies":[{"embeddable":true,"href":"https:\/\/www.ginesta.ch\/it-ch\/wp-json\/wp\/v2\/comments?post=112287"}],"version-history":[{"count":1,"href":"https:\/\/www.ginesta.ch\/it-ch\/wp-json\/wp\/v2\/pages\/112287\/revisions"}],"predecessor-version":[{"id":112289,"href":"https:\/\/www.ginesta.ch\/it-ch\/wp-json\/wp\/v2\/pages\/112287\/revisions\/112289"}],"wp:attachment":[{"href":"https:\/\/www.ginesta.ch\/it-ch\/wp-json\/wp\/v2\/media?parent=112287"}],"curies":[{"name":"wp","href":"https:\/\/api.w.org\/{rel}","templated":true}]}}